{"id":3989,"date":"2025-02-28T07:32:42","date_gmt":"2025-02-28T05:32:42","guid":{"rendered":"https:\/\/www.raten.ro\/?page_id=3989"},"modified":"2025-03-03T11:10:19","modified_gmt":"2025-03-03T09:10:19","slug":"serviciile-bunurile-produse-de-regie","status":"publish","type":"page","link":"https:\/\/www.raten.ro\/?page_id=3989","title":{"rendered":"Serviciile\/bunurile produse de regie"},"content":{"rendered":"<p><\/p>\n<p style=\"text-align: justify;\">Conform legisla\u021biei de \u00eenfiin\u021bare, RATEN, prin sucursalele sale Institutul de Cercet\u0103ri Nucleare Pite\u015fti (RATEN-ICN), \u015fi Centrul de Inginerie Tehnologic\u0103 Obiective Nucleare Bucure\u015fti M\u0103gurele (RATEN-CITON) este regie autonom\u0103 de interes strategic \u015fi are ca obiect principal de activitate dezvoltarea de tehnologii necesare asigur\u0103rii suportului \u015ftiin\u0163ific \u015fi tehnic na\u0163ional pentru domeniul de energetic\u0103 nuclear\u0103, \u00een vederea:<br \/>\n\u2022 func\u0163ion\u0103rii \u00een condi\u0163ii de securitate nuclear\u0103 a instala\u0163iilor aferente domeniului;<br \/>\n\u2022 dezvolt\u0103rii de tehnologii pentru noi tipuri de reactori nucleari energetici de genera\u0163ie IV;<br \/>\n\u2022 managementului combustibilului nuclear ars \u015fi al de\u015feurilor radioactive;<br \/>\n\u2022 produc\u0163iei de radioizotopi pentru medicin\u0103 \u015fi industrie;<br \/>\n\u2022 realiz\u0103rii de activit\u0103\u0163i de cercetare \u015ftiin\u0163ific\u0103, proiectare \u015fi inginerie tehnologic\u0103;<br \/>\n\u2022 preg\u0103tirii speciali\u015ftilor pentru domeniul nuclear;<br \/>\n\u2022 dezvolt\u0103rii (\u00een calitate de organiza\u0163ie tehnic\u0103 suport a administra\u0163iei publice centrale) de programe de informare public\u0103, precum \u015fi activit\u0103\u0163i specifice cooper\u0103rii interna\u0163ionale \u00een domeniu.<\/p>\n<p>Link c\u0103tre programul anual de cercetare <a href=\"https:\/\/www.raten.ro\/?page_id=2244\">https:\/\/www.raten.ro\/?page_id=2244<\/a><\/p>\n<p style=\"text-align: justify;\"><strong>Hot\u0103r\u00e2rile de Guvern privind \u00eenscrierea \u00een inventarul centralizat al bunurilor din domeniul public al statului \u015fi darea \u00een administrarea Regiei Autonome Tehnologi pentru Energia Nuclear\u0103 &#8211; RATEN, aflat\u0103 sub autoritatea Ministerului Energiei, \u00centreprinderilor Mici \u015fi Mijlocii \u015fi Mediului de Afaceri, a unor bunuri aflate \u00een domeniul public al statului:<\/strong><\/p>\n<p><a href=\"https:\/\/raten.ro\/documente\/HG 1068_2022.pdf\" target=\"_blank\" rel=\"noopener\">HG 1068\/2022<\/a>\u00a0 \u00a0 \u00a0\u00a0 \u00a0 \u00a0 \u00a0\u00a0 <a href=\"https:\/\/raten.ro\/documente\/HG 974_2023.pdf\" target=\"_blank\" rel=\"noopener\">HG\u00a0974\/2023<\/a>\u00a0 \u00a0 \u00a0\u00a0 \u00a0 \u00a0 \u00a0\u00a0 <a href=\"https:\/\/raten.ro\/documente\/HG 1096_2024.pdf\" target=\"_blank\" rel=\"noopener\">HG 1096\/2024<\/a><\/p>","protected":false},"excerpt":{"rendered":"<p>Conform legisla\u021biei de \u00eenfiin\u021bare, RATEN, prin sucursalele sale Institutul de Cercet\u0103ri Nucleare Pite\u015fti (RATEN-ICN), \u015fi Centrul de Inginerie Tehnologic\u0103 Obiective Nucleare Bucure\u015fti M\u0103gurele (RATEN-CITON) este regie autonom\u0103 de interes strategic \u015fi are ca obiect principal de activitate dezvoltarea de tehnologii necesare asigur\u0103rii suportului \u015ftiin\u0163ific \u015fi tehnic na\u0163ional pentru domeniul de<span class=\"more-link\"><a href=\"https:\/\/www.raten.ro\/?page_id=3989\">Read More &rarr;<\/a><\/span><\/p>\n","protected":false},"author":1,"featured_media":0,"parent":0,"menu_order":0,"comment_status":"closed","ping_status":"closed","template":"","meta":{"footnotes":""},"class_list":["entry","author-wpadmin","post-3989","page","type-page","status-publish"],"_links":{"self":[{"href":"https:\/\/www.raten.ro\/index.php?rest_route=\/wp\/v2\/pages\/3989","targetHints":{"allow":["GET"]}}],"collection":[{"href":"https:\/\/www.raten.ro\/index.php?rest_route=\/wp\/v2\/pages"}],"about":[{"href":"https:\/\/www.raten.ro\/index.php?rest_route=\/wp\/v2\/types\/page"}],"author":[{"embeddable":true,"href":"https:\/\/www.raten.ro\/index.php?rest_route=\/wp\/v2\/users\/1"}],"replies":[{"embeddable":true,"href":"https:\/\/www.raten.ro\/index.php?rest_route=%2Fwp%2Fv2%2Fcomments&post=3989"}],"version-history":[{"count":5,"href":"https:\/\/www.raten.ro\/index.php?rest_route=\/wp\/v2\/pages\/3989\/revisions"}],"predecessor-version":[{"id":3995,"href":"https:\/\/www.raten.ro\/index.php?rest_route=\/wp\/v2\/pages\/3989\/revisions\/3995"}],"wp:attachment":[{"href":"https:\/\/www.raten.ro\/index.php?rest_route=%2Fwp%2Fv2%2Fmedia&parent=3989"}],"curies":[{"name":"wp","href":"https:\/\/api.w.org\/{rel}","templated":true}]}}