{"id":3976,"date":"2025-02-25T10:34:47","date_gmt":"2025-02-25T08:34:47","guid":{"rendered":"https:\/\/www.raten.ro\/?page_id=3976"},"modified":"2025-02-25T10:34:47","modified_gmt":"2025-02-25T08:34:47","slug":"obiectivul-de-politica-publica","status":"publish","type":"page","link":"https:\/\/www.raten.ro\/?page_id=3976","title":{"rendered":"Obiectivul de politic\u0103 public\u0103"},"content":{"rendered":"<p>RATEN este \u00eenfiin\u021bat\u0103 \u00een scopul desf\u0103\u015fur\u0103rii activit\u0103\u0163ii de suport tehnic pentru energetica<br \/>\nnuclear\u0103 \u015fi pentru a men\u0163ine \u015fi dezvolta competen\u0163a tehnic\u0103 pe durata de func\u0163ionare a<br \/>\ninstala\u0163iilor nucleare, \u00een toate domeniile semnificative pentru securitatea nuclear\u0103 a acestora.<br \/>\nPrin poten\u0163ialul tehnic de specialitate, RATEN va promova, men\u0163ine \u015fi dezvolt\u0103 standardul<br \/>\ncalitativ al activit\u0103\u0163ilor specifice acestui domeniu, particip\u0103 la elaborarea strategiei de<br \/>\ndezvoltare a domeniului \u015fi la realizarea, cu prioritate, a obiectivelor \u015ftiin\u0163ifice \u015fi tehnice ale<br \/>\nProgramelor na\u0163ionale aprobate de Guvern.<\/p>\n<p>RATEN are ca obiect principal de activitate dezvoltarea de tehnologii necesare asigur\u0103rii<br \/>\nsuportului \u015ftiin\u0163ific \u015fi tehnic na\u0163ional pentru domeniul de energetic\u0103 nuclear\u0103 \u00een vederea<br \/>\nfunc\u0163ion\u0103rii \u00een condi\u0163ii de securitate nuclear\u0103 a instala\u0163iilor aferente domeniului, dezvoltarea de<br \/>\ntehnologii pentru noi tipuri de reactori nucleari energetici de genera\u0163ie IV \u015fi pentru<br \/>\nmanagementul combustibilului nuclear ars \u015fi al de\u015feurilor radioactive, produc\u0163ia de radioizotopi<br \/>\npentru medicin\u0103 \u015fi industrie, activit\u0103\u0163i de cercetare \u015ftiin\u0163ific\u0103, proiectare \u015fi inginerie<br \/>\ntehnologic\u0103, preg\u0103tirea speciali\u015ftilor \u00een domeniul nuclear, dezvoltarea de servicii de specialitate<br \/>\n\u00een calitate de organiza\u0163ii tehnice suport ale administra\u0163iei publice centrale, programe de<br \/>\ninformare public\u0103, precum \u015fi activit\u0103\u0163i specifice cooper\u0103rii interna\u0163ionale \u00een domeniu.<\/p>\n<p>Activit\u0103\u0163ile de cercetare-dezvoltare \u015fi inginerie tehnologic\u0103 se desf\u0103\u015foar\u0103 \u00een cadrul<br \/>\nProgramului Anual de Cercetare\u2013Dezvoltare RATEN, privind Dezvoltarea suportului tehnic<br \/>\nna\u0163ional \u015fi cooperarea interna\u0163ional\u0103 pentru energia nuclear\u0103, elaborat \u00een baza OUG 144\/1999,<br \/>\naprobat\u0103 prin Legea 198\/2000. Prin Programul Anual de Cercetare-Dezvoltare RATEN se<br \/>\nasigur\u0103 suportul tehnic pentru toate entit\u0103\u0163ile din domeniul nuclear din Rom\u00e2nia (Ministerul<br \/>\nEnergiei, SNN, CNCAN, ANDR), acestea propun\u00e2nd teme de cercetare specifice activit\u0103\u0163ii lor.<\/p>","protected":false},"excerpt":{"rendered":"<p>RATEN este \u00eenfiin\u021bat\u0103 \u00een scopul desf\u0103\u015fur\u0103rii activit\u0103\u0163ii de suport tehnic pentru energetica nuclear\u0103 \u015fi pentru a men\u0163ine \u015fi dezvolta competen\u0163a tehnic\u0103 pe durata de func\u0163ionare a instala\u0163iilor nucleare, \u00een toate domeniile semnificative pentru securitatea nuclear\u0103 a acestora. Prin poten\u0163ialul tehnic de specialitate, RATEN va promova, men\u0163ine \u015fi dezvolt\u0103 standardul calitativ<span class=\"more-link\"><a href=\"https:\/\/www.raten.ro\/?page_id=3976\">Read More &rarr;<\/a><\/span><\/p>\n","protected":false},"author":1,"featured_media":0,"parent":0,"menu_order":0,"comment_status":"closed","ping_status":"closed","template":"","meta":{"footnotes":""},"class_list":["entry","author-wpadmin","post-3976","page","type-page","status-publish"],"_links":{"self":[{"href":"https:\/\/www.raten.ro\/index.php?rest_route=\/wp\/v2\/pages\/3976","targetHints":{"allow":["GET"]}}],"collection":[{"href":"https:\/\/www.raten.ro\/index.php?rest_route=\/wp\/v2\/pages"}],"about":[{"href":"https:\/\/www.raten.ro\/index.php?rest_route=\/wp\/v2\/types\/page"}],"author":[{"embeddable":true,"href":"https:\/\/www.raten.ro\/index.php?rest_route=\/wp\/v2\/users\/1"}],"replies":[{"embeddable":true,"href":"https:\/\/www.raten.ro\/index.php?rest_route=%2Fwp%2Fv2%2Fcomments&post=3976"}],"version-history":[{"count":1,"href":"https:\/\/www.raten.ro\/index.php?rest_route=\/wp\/v2\/pages\/3976\/revisions"}],"predecessor-version":[{"id":3977,"href":"https:\/\/www.raten.ro\/index.php?rest_route=\/wp\/v2\/pages\/3976\/revisions\/3977"}],"wp:attachment":[{"href":"https:\/\/www.raten.ro\/index.php?rest_route=%2Fwp%2Fv2%2Fmedia&parent=3976"}],"curies":[{"name":"wp","href":"https:\/\/api.w.org\/{rel}","templated":true}]}}