{"id":3970,"date":"2025-02-24T12:39:05","date_gmt":"2025-02-24T10:39:05","guid":{"rendered":"https:\/\/www.raten.ro\/?page_id=3970"},"modified":"2025-02-28T07:33:09","modified_gmt":"2025-02-28T05:33:09","slug":"guvernanta-menu","status":"publish","type":"page","link":"https:\/\/www.raten.ro\/?page_id=3970","title":{"rendered":"GUVERNAN\u021a\u0102 CORPORATIV\u0102"},"content":{"rendered":"<p><a href=\"https:\/\/www.raten.ro\/?page_id=3947\"><strong>HCA<\/strong><\/a> &#8211; OUG 109\/2011 Art.1 alin.1) lit.a)<br \/>\n<a href=\"https:\/\/www.raten.ro\/?page_id=377\"><strong>Situa\u021biile financiare anuale<\/strong><\/a> &#8211; OUG 109\/2011 Art.1 alin.1) lit.b)<br \/>\n<a href=\"https:\/\/www.raten.ro\/?page_id=386\"><strong>Raport\u0103rile contabile semestriale <\/strong><\/a>&#8211; OUG 109\/2011 Art.1 alin.1) lit.c)<br \/>\n<a href=\"https:\/\/www.raten.ro\/?page_id=31\"><strong>Conducere<\/strong><\/a> &#8211; OUG 109\/2011 Art.1 alin.1) lit.d)<br \/>\n<a href=\"https:\/\/www.raten.ro\/?page_id=3748\"><strong>Declara\u021biile de avere \u015fi de interese<\/strong><\/a> &#8211; OUG 109\/2011 Art.1 alin.1) lit.e)<br \/>\n<a href=\"https:\/\/www.raten.ro\/?page_id=31\"><strong>Raportul anual cu privire la remunera\u021biile \u015fi alte avantaje acordate administratorilor \u015fi directorilor<\/strong><\/a> &#8211; OUG 109\/2011 Art.1 alin.1) lit.f)<br \/>\n<a href=\"https:\/\/www.raten.ro\/?page_id=413\"><strong>Codul de etic\u0103<\/strong><\/a>\u00a0&#8211; OUG 109\/2011 Art.1 alin.1) lit.g)<br \/>\n<a href=\"https:\/\/www.raten.ro\/?page_id=3549\"><strong>Procedura prin care s-a f\u0103cut selec\u0163ia membrilor consiliului de administra\u0163ie<\/strong><\/a> &#8211; OUG 109\/2011 Art.1 alin.1) lit.h)<br \/>\n<a href=\"https:\/\/www.raten.ro\/?page_id=3549\"><strong>Scrisoarea de a\u0219tept\u0103ri<\/strong><\/a> &#8211; OUG 109\/2011 Art.1 alin.1) lit.i)<br \/>\n<a href=\"https:\/\/www.raten.ro\/?page_id=31\"><strong>Contractul de mandat<\/strong><\/a> &#8211; OUG 109\/2011 Art.1 alin.1) lit.j)<br \/>\n<a href=\"https:\/\/www.raten.ro\/?page_id=1729\"><strong>Bugetul pentru investi\u021bii<\/strong><\/a> &#8211; OUG 109\/2011 Art.1 alin.1) lit.k);<br \/>\n<a href=\"https:\/\/www.raten.ro\/?page_id=1736\"><strong>Cheltuielile totale cu personalul<\/strong><\/a> &#8211; OUG 109\/2011 Art.1 alin.1) lit.l)<br \/>\n<a href=\"https:\/\/www.raten.ro\/?page_id=1736\"><strong>Datoriile \u00eentreprinderii publice<\/strong> <\/a>&#8211; OUG 109\/2011 Art.1 alin.1) lit.m)<br \/>\n<strong>Valoarea subven\u021biei opera\u021bionale primite de la bugetul de stat<\/strong> &#8211; OUG 109\/2011 Art.1 alin.1) lit.n)<br \/>\n<em>Regia Autonom\u0103 tehnologii pentru Energia Nuclear\u0103 nu a beneficiat \u00een perioada 2021 \u2013 2024 de subven\u021bii opera\u021bionale primite de la bugetul de stat.<\/em><br \/>\n<a href=\"https:\/\/www.raten.ro\/?page_id=3989\"><strong>Serviciile\/bunurile produse de regie \u00een interes public<\/strong><\/a> &#8211; OUG 109\/2011 Art.1 alin.1) lit.o);<br \/>\n<a href=\"https:\/\/www.raten.ro\/?page_id=3976\"><strong>Men\u021bionarea obiectivului de politic\u0103 public\u0103 a \u00eentreprinderii<\/strong><\/a> &#8211; OUG 109\/2011 Art.1 alin.1) lit.p);<br \/>\n<a href=\"https:\/\/www.raten.ro\/?page_id=1088\"><strong>Situa\u021biile de risc\/analiza de risc din domeniul de activitate al \u00eentreprinderii<\/strong> <\/a>&#8211; OUG 109\/2011 Art.1 alin.1) lit.q);<br \/>\n<a href=\"https:\/\/www.raten.ro\/?page_id=423\"><strong>Raportul anual agregat<\/strong><\/a> &#8211; OUG 109\/2011 Art.1 alin.1) lit.r);<br \/>\n<a href=\"https:\/\/www.raten.ro\/?page_id=1088\"><strong>Planul de integritate al \u00eentreprinderii<\/strong> <\/a>&#8211; OUG 109\/2011 Art.1 alin.1) lit.\u0219);<br \/>\n<a href=\"https:\/\/www.raten.ro\/?page_id=3190\"><strong>Mecanismul de raportare de c\u0103tre avertizorii \u00een interes public a \u00eenc\u0103lc\u0103rilor legii <\/strong><\/a>&#8211; OUG 109\/2011 Art.1 alin.1) lit.\u0219) ;<br \/>\n<a href=\"https:\/\/www.raten.ro\/?page_id=374\"><strong>Raportul de audit extern<\/strong><\/a> &#8211; OUG 109\/2011 Art.1 alin.1) lit.t).<\/p>","protected":false},"excerpt":{"rendered":"<p>HCA &#8211; OUG 109\/2011 Art.1 alin.1) lit.a) Situa\u021biile financiare anuale &#8211; OUG 109\/2011 Art.1 alin.1) lit.b) Raport\u0103rile contabile semestriale &#8211; OUG 109\/2011 Art.1 alin.1) lit.c) Conducere &#8211; OUG 109\/2011 Art.1 alin.1) lit.d) Declara\u021biile de avere \u015fi de interese &#8211; OUG 109\/2011 Art.1 alin.1) lit.e) Raportul anual cu privire la remunera\u021biile<span class=\"more-link\"><a href=\"https:\/\/www.raten.ro\/?page_id=3970\">Read More &rarr;<\/a><\/span><\/p>\n","protected":false},"author":1,"featured_media":0,"parent":0,"menu_order":0,"comment_status":"closed","ping_status":"closed","template":"","meta":{"footnotes":""},"class_list":["entry","author-wpadmin","post-3970","page","type-page","status-publish"],"_links":{"self":[{"href":"https:\/\/www.raten.ro\/index.php?rest_route=\/wp\/v2\/pages\/3970","targetHints":{"allow":["GET"]}}],"collection":[{"href":"https:\/\/www.raten.ro\/index.php?rest_route=\/wp\/v2\/pages"}],"about":[{"href":"https:\/\/www.raten.ro\/index.php?rest_route=\/wp\/v2\/types\/page"}],"author":[{"embeddable":true,"href":"https:\/\/www.raten.ro\/index.php?rest_route=\/wp\/v2\/users\/1"}],"replies":[{"embeddable":true,"href":"https:\/\/www.raten.ro\/index.php?rest_route=%2Fwp%2Fv2%2Fcomments&post=3970"}],"version-history":[{"count":11,"href":"https:\/\/www.raten.ro\/index.php?rest_route=\/wp\/v2\/pages\/3970\/revisions"}],"predecessor-version":[{"id":3991,"href":"https:\/\/www.raten.ro\/index.php?rest_route=\/wp\/v2\/pages\/3970\/revisions\/3991"}],"wp:attachment":[{"href":"https:\/\/www.raten.ro\/index.php?rest_route=%2Fwp%2Fv2%2Fmedia&parent=3970"}],"curies":[{"name":"wp","href":"https:\/\/api.w.org\/{rel}","templated":true}]}}