{"id":3748,"date":"2024-01-19T12:20:44","date_gmt":"2024-01-19T10:20:44","guid":{"rendered":"https:\/\/www.raten.ro\/?page_id=3748"},"modified":"2024-06-13T13:03:53","modified_gmt":"2024-06-13T10:03:53","slug":"declaratii-de-avere-si-interese-2024","status":"publish","type":"page","link":"https:\/\/www.raten.ro\/?page_id=3748","title":{"rendered":"Declara\u021bii de avere \u0219i interese 2024"},"content":{"rendered":"<p><strong><u>Aparatul propriu RATEN<\/u><\/strong><\/p>\n<ul>\n<li>U\u021a\u0102 ION OCTAVIAN &#8211; <a href=\"informatii_publice\/declaratii_avere_si_interese\/2024\/declaratii_de_avere_si_interese_Uta_Ion_Octavian.pdf\" target=\"_blank\" rel=\"noopener noreferrer\">Declaratie<\/a><\/li>\n<li>DUCU MARIAN C\u0102T\u0102LIN &#8211; <a href=\"informatii_publice\/declaratii_avere_si_interese\/2024\/declaratii_de_avere_si_interese_Ducu_Marian_Catalin.pdf\" target=\"_blank\" rel=\"noopener noreferrer\">Declaratie<\/a><\/li>\n<li>TOMA ALEXANDRU (p\u00e2n\u0103 la data de 31.12.2023) &#8211; <a href=\"informatii_publice\/declaratii_avere_si_interese\/2024\/declaratii_de_avere_si_interese_Toma_Alexandru.pdf\" target=\"_blank\" rel=\"noopener noreferrer\">Declaratie<\/a><\/li>\n<li>APOSTOLICEANU SORIN &#8211; <a href=\"informatii_publice\/declaratii_avere_si_interese\/2024\/declaratii_de_avere_si_interese_Apostoliceanu_Sorin.pdf\" target=\"_blank\" rel=\"noopener noreferrer\">Declaratie<\/a><\/li>\n<li>UNGUREANU SIMONA &#8211; <a href=\"informatii_publice\/declaratii_avere_si_interese\/2024\/declaratii_de_avere_si_interese_Ungureanu_Simona.pdf\" target=\"_blank\" rel=\"noopener noreferrer\">Declaratie<\/a><\/li>\n<li>MO\u0218NEAGU ANGELICA &#8211; <a href=\"informatii_publice\/declaratii_avere_si_interese\/2024\/declaratii_de_avere_si_interese_Mosneagu_Angelica.pdf\" target=\"_blank\" rel=\"noopener noreferrer\">Declaratie\u00a0 \u00a0<\/a><\/li>\n<\/ul>\n<p><strong><u>Sucursale<\/u><\/strong><\/p>\n<ul>\n<li><a href=\"https:\/\/nuclear.ro\/declaratii-de-avere-si-de-interese\/\" target=\"_blank\" rel=\"noopener noreferrer\">RATEN ICN<\/a><\/li>\n<li><a href=\"http:\/\/citon.ro\/ro_declaratii.html\" target=\"_blank\" rel=\"noopener noreferrer\">RATEN CITON<\/a><\/li>\n<\/ul>\n<p><strong><u>Membrii Consiliului de Administratie<\/u><\/strong><\/p>\n<ul>\n<li style=\"list-style-type: none;\">\n<ul>\n<li>DUCU MARIAN C\u0102T\u0102LIN &#8211; <a href=\"informatii_publice\/declaratii_avere_si_interese\/2024\/declaratii_de_avere_si_interese_Ducu_Marian_Catalin.pdf\" target=\"_blank\" rel=\"noopener noreferrer\">Declaratie<\/a><\/li>\n<li>FULGER NICOLAE &#8211; <a href=\"informatii_publice\/declaratii_avere_si_interese\/2024\/declaratii_de_avere_si_interese_Fulger_Nicolae.pdf\" target=\"_blank\" rel=\"noopener noreferrer\">Declaratie<\/a><\/li>\n<li>TRANCOT\u0102 DANELA &#8211; <a href=\"informatii_publice\/declaratii_avere_si_interese\/2024\/declaratii_de_avere_si_interese_Trancota_Daniela.pdf\" target=\"_blank\" rel=\"noopener noreferrer\">Declaratie<\/a><\/li>\n<li>IONI\u021a\u0102 GEORGHE &#8211; <a href=\"informatii_publice\/declaratii_avere_si_interese\/2024\/declaratii_de_avere_si_interese_Ionita_Gheorghe.pdf\" target=\"_blank\" rel=\"noopener noreferrer\">Declaratie<\/a><\/li>\n<li>BARICA GHEORGHE &#8211; <a href=\"informatii_publice\/declaratii_avere_si_interese\/2024\/declaratii_de_avere_si_interese_Barica_Gheorghe.pdf\" target=\"_blank\" rel=\"noopener noreferrer\">Declaratie<\/a><\/li>\n<li>MISA IONUT &#8211; <a href=\"informatii_publice\/declaratii_avere_si_interese\/2024\/declaratii_de_avere_si_interese_Misa_Ionut.pdf\" target=\"_blank\" rel=\"noopener noreferrer\">Declaratie 1  \u00a0 \u00a0<\/a><a href=\"informatii_publice\/declaratii_avere_si_interese\/2024\/declaratie_de_avere_Misa_Ionut_rectificativa.pdf\" target=\"_blank\" rel=\"noopener noreferrer\">Declaratie\u00a0de avere rectificativa<\/a><\/li>\n<\/ul>\n<\/li>\n<\/ul>\n<p><\/p>","protected":false},"excerpt":{"rendered":"<p>Aparatul propriu RATEN U\u021a\u0102 ION OCTAVIAN &#8211; Declaratie DUCU MARIAN C\u0102T\u0102LIN &#8211; Declaratie TOMA ALEXANDRU (p\u00e2n\u0103 la data de 31.12.2023) &#8211; Declaratie APOSTOLICEANU SORIN &#8211; Declaratie UNGUREANU SIMONA &#8211; Declaratie MO\u0218NEAGU ANGELICA &#8211; Declaratie\u00a0 \u00a0 Sucursale RATEN ICN RATEN CITON Membrii Consiliului de Administratie DUCU MARIAN C\u0102T\u0102LIN &#8211; Declaratie FULGER<span class=\"more-link\"><a href=\"https:\/\/www.raten.ro\/?page_id=3748\">Read More &rarr;<\/a><\/span><\/p>\n","protected":false},"author":1,"featured_media":0,"parent":0,"menu_order":0,"comment_status":"closed","ping_status":"closed","template":"","meta":{"footnotes":""},"class_list":["entry","author-wpadmin","post-3748","page","type-page","status-publish"],"_links":{"self":[{"href":"https:\/\/www.raten.ro\/index.php?rest_route=\/wp\/v2\/pages\/3748","targetHints":{"allow":["GET"]}}],"collection":[{"href":"https:\/\/www.raten.ro\/index.php?rest_route=\/wp\/v2\/pages"}],"about":[{"href":"https:\/\/www.raten.ro\/index.php?rest_route=\/wp\/v2\/types\/page"}],"author":[{"embeddable":true,"href":"https:\/\/www.raten.ro\/index.php?rest_route=\/wp\/v2\/users\/1"}],"replies":[{"embeddable":true,"href":"https:\/\/www.raten.ro\/index.php?rest_route=%2Fwp%2Fv2%2Fcomments&post=3748"}],"version-history":[{"count":10,"href":"https:\/\/www.raten.ro\/index.php?rest_route=\/wp\/v2\/pages\/3748\/revisions"}],"predecessor-version":[{"id":3846,"href":"https:\/\/www.raten.ro\/index.php?rest_route=\/wp\/v2\/pages\/3748\/revisions\/3846"}],"wp:attachment":[{"href":"https:\/\/www.raten.ro\/index.php?rest_route=%2Fwp%2Fv2%2Fmedia&parent=3748"}],"curies":[{"name":"wp","href":"https:\/\/api.w.org\/{rel}","templated":true}]}}