{"id":3190,"date":"2021-07-14T11:43:37","date_gmt":"2021-07-14T08:43:37","guid":{"rendered":"https:\/\/www.raten.ro\/?page_id=3190"},"modified":"2025-09-24T11:26:18","modified_gmt":"2025-09-24T08:26:18","slug":"sesizari","status":"publish","type":"page","link":"https:\/\/www.raten.ro\/?page_id=3190","title":{"rendered":"Sesizari"},"content":{"rendered":"<p><\/p>\n<p style=\"text-align: justify;\"><strong>Avertizorul<\/strong> (persoana care face sesizarea) <strong>este ocrotit<\/strong> conform Legii Nr. 361\/2022 <em>privind protec\u021bia personalului din autorit\u0103\u021bile publice, institu\u021biile publice \u0219i din alte unit\u0103\u021bi care semnaleaz\u0103 \u00eenc\u0103lc\u0103ri ale legii<\/em>.<\/p>\n<p style=\"text-align: justify;\">Sesiz\u0103rile \u00een interes public, potrivit Legii nr. 361\/2022, sunt semnal\u0103rile referitoare la \u00eenc\u0103lc\u0103ri ale legii care constau \u00eentr-o ac\u0163iune sau inac\u0163iune care constituie nerespect\u0103ri ale dispozi\u0163iilor legale, care privesc domenii cum ar fi:<br \/>\n-achizi\u0163iile publice;<br \/>\n-serviciile, produsele \u015fi pie\u0163ele financiare, precum \u015fi prevenirea sp\u0103l\u0103rii banilor \u015fi a finan\u0163\u0103rii terorismului; siguran\u0163a \u015fi conformitatea produselor; siguran\u0163a transportului;<br \/>\n-protec\u0163ia mediului; protec\u0163ia radiologic\u0103 \u015fi siguran\u0163a nuclear\u0103;<br \/>\n-siguran\u0163a alimentelor \u015fi a hranei pentru animale, s\u0103n\u0103tatea \u015fi bun\u0103starea animalelor; s\u0103n\u0103tatea public\u0103; protec\u0163ia consumatorilor;<br \/>\n-protec\u0163ia vie\u0163ii private \u015fi a datelor cu caracter personal \u015fi a securit\u0103\u0163ii re\u0163elelor \u015fi sistemelor informatice;<br \/>\n-\u00eenc\u0103lc\u0103ri care aduc atingere intereselor financiare ale Uniunii Europene, astfel cum sunt men\u0163ionate la <strong>art. 325<\/strong> din Tratatul privind func\u0163ionarea Uniunii Europene \u015fi cum sunt detaliate \u00een m\u0103surile relevante ale Uniunii Europene;<br \/>\n-\u00eenc\u0103lc\u0103ri referitoare la pia\u0163a intern\u0103, men\u0163ionate la <strong>art. 26<\/strong> alin. (2) din Tratatul privind func\u0163ionarea Uniunii Europene, inclusiv \u00eenc\u0103lc\u0103ri ale normelor Uniunii Europene \u00een materie de concuren\u0163\u0103 \u015fi de ajutoare de stat, precum \u015fi \u00eenc\u0103lc\u0103ri referitoare la pia\u0163a intern\u0103 \u00een ceea ce prive\u015fte actele care \u00eencalc\u0103 normele privind impozitarea societ\u0103\u0163ilor sau mecanismele al c\u0103ror scop este ob\u0163inerea unui avantaj fiscal ce contravine obiectului sau scopului dreptului aplicabil \u00een materie de impozitare a societ\u0103\u0163ilor, ce reprezint\u0103 abateri disciplinare, contraven\u0163ii sau infrac\u0163iuni, sau care contravin obiectului sau scopului legii.<\/p>\n<p style=\"text-align: justify;\">Persoana responsabil\u0103: Cosmina Costache<\/p>\n<p>Sesiz\u0103rile se vor face respect\u00e2nd principiul responsabilit\u0103\u021bii, astfel \u00eenc\u00e2t orice persoan\u0103 care semnaleaz\u0103 \u00eenc\u0103lc\u0103ri ale legii este datoare s\u0103 sus\u021bin\u0103 reclama\u021bia cu date sau indicii privind fapta s\u0103v\u00e2r\u0219it\u0103.<\/p>\n<table style=\"width: 100%;\" border=\"0\" cellspacing=\"0\" align=\"center\">\n<tbody>\n<tr>\n<td align=\"center\" width=\"50%\"><a href=\"https:\/\/energie.gov.ro\/foloseste-avertizorul-de-integritate\/\"><img loading=\"lazy\" decoding=\"async\" class=\"wp-image-3622 size-thumbnail alignright\" src=\"https:\/\/www.raten.ro\/wp-content\/uploads\/2023\/06\/Buton-Sesizeaza-Ministerul-Energiei-150x150.jpeg\" alt=\"\" width=\"150\" height=\"150\" \/><\/a><\/td>\n<td align=\"center\" width=\"50%\"><a href=\"https:\/\/www.raten.ro\/?page_id=3752\"><img loading=\"lazy\" decoding=\"async\" class=\"alignleft wp-image-3755\" src=\"https:\/\/www.raten.ro\/wp-content\/uploads\/2024\/01\/Avertizor-RATEN.jpg\" alt=\"\" width=\"152\" height=\"150\" \/><\/a><\/td>\n<\/tr>\n<\/tbody>\n<\/table>\n<p><\/p>","protected":false},"excerpt":{"rendered":"<p>Avertizorul (persoana care face sesizarea) este ocrotit conform Legii Nr. 361\/2022 privind protec\u021bia personalului din autorit\u0103\u021bile publice, institu\u021biile publice \u0219i din alte unit\u0103\u021bi care semnaleaz\u0103 \u00eenc\u0103lc\u0103ri ale legii. Sesiz\u0103rile \u00een interes public, potrivit Legii nr. 361\/2022, sunt semnal\u0103rile referitoare la \u00eenc\u0103lc\u0103ri ale legii care constau \u00eentr-o ac\u0163iune sau inac\u0163iune care<span class=\"more-link\"><a href=\"https:\/\/www.raten.ro\/?page_id=3190\">Read More &rarr;<\/a><\/span><\/p>\n","protected":false},"author":1,"featured_media":0,"parent":0,"menu_order":0,"comment_status":"closed","ping_status":"closed","template":"","meta":{"footnotes":""},"class_list":["entry","author-wpadmin","post-3190","page","type-page","status-publish"],"_links":{"self":[{"href":"https:\/\/www.raten.ro\/index.php?rest_route=\/wp\/v2\/pages\/3190","targetHints":{"allow":["GET"]}}],"collection":[{"href":"https:\/\/www.raten.ro\/index.php?rest_route=\/wp\/v2\/pages"}],"about":[{"href":"https:\/\/www.raten.ro\/index.php?rest_route=\/wp\/v2\/types\/page"}],"author":[{"embeddable":true,"href":"https:\/\/www.raten.ro\/index.php?rest_route=\/wp\/v2\/users\/1"}],"replies":[{"embeddable":true,"href":"https:\/\/www.raten.ro\/index.php?rest_route=%2Fwp%2Fv2%2Fcomments&post=3190"}],"version-history":[{"count":6,"href":"https:\/\/www.raten.ro\/index.php?rest_route=\/wp\/v2\/pages\/3190\/revisions"}],"predecessor-version":[{"id":4108,"href":"https:\/\/www.raten.ro\/index.php?rest_route=\/wp\/v2\/pages\/3190\/revisions\/4108"}],"wp:attachment":[{"href":"https:\/\/www.raten.ro\/index.php?rest_route=%2Fwp%2Fv2%2Fmedia&parent=3190"}],"curies":[{"name":"wp","href":"https:\/\/api.w.org\/{rel}","templated":true}]}}