{"id":31,"date":"2016-02-24T00:56:02","date_gmt":"2016-02-23T23:56:02","guid":{"rendered":"http:\/\/192.168.100.238\/?page_id=31"},"modified":"2026-04-15T10:39:56","modified_gmt":"2026-04-15T07:39:56","slug":"conducere","status":"publish","type":"page","link":"https:\/\/www.raten.ro\/?page_id=31","title":{"rendered":"Conducere"},"content":{"rendered":"<p><strong>RATEN este condus\u0103 de Consiliul de Administra\u021bie: numit prin <a href=\"documente\/Ordin 1239 - 05.10.2023 - Ministerul Energiei.pdf\" target=\"_blank\" rel=\"noopener noreferrer\">Ordinul 1239 &#8211; 05.10.2023 &#8211; Ministerul Energiei<\/a><\/strong><br \/>\n<span style=\"color: #993366;\"><a style=\"color: #993366;\" href=\"http:\/\/www.raten.ro\/documente\/conducere\/Statutul si afilierea politica a membrilor Consiliului de administratie al RATEN.pdf\" target=\"_blank\" rel=\"noopener\"><strong>Statutul si afilierea politica a membrilor Consiliului de administratie al RATEN<\/strong><\/a><\/span><br \/>\n<a href=\"http:\/\/www.raten.ro\/documente\/conducere\/Contract administrare RATEN - PROIECT - oct 2023.docx\" target=\"_blank\" rel=\"noopener\"><strong>Contract administrare RATEN &#8211; PROIECT<\/strong><\/a><br \/>\n<a href=\"http:\/\/www.raten.ro\/documente\/conducere\/Anexa 1 la contractul de mandat RATEN - reguli de confidentialitate (003).docx\" target=\"_blank\" rel=\"noopener\"><strong>ANEXA 1 \u00a0 \u00a0 <\/strong><\/a><a href=\"http:\/\/www.raten.ro\/documente\/conducere\/Anexa 2 la contractul de mandat RATEN - obligatii de neconcurenta.docx\" target=\"_blank\" rel=\"noopener\"><strong>ANEXA 2 \u00a0 \u00a0 <\/strong><\/a><a href=\"http:\/\/www.raten.ro\/documente\/conducere\/Anexa 3 la contractul de mandat RATEN - criterii de integritate.docx\" target=\"_blank\" rel=\"noopener\"><strong>ANEXA 3 \u00a0 \u00a0<\/strong><\/a><br \/>\n<strong>Act aditional Contract administrare RATEN<\/strong><br \/>\n<a href=\"http:\/\/www.raten.ro\/documente\/conducere\/Ordin 295 din 22 martie 2024.pdf\" target=\"_blank\" rel=\"noopener\"><strong>Ordin 295 din 22 martie 2024 \u00a0 \u00a0<\/strong><\/a><a href=\"http:\/\/www.raten.ro\/documente\/conducere\/Anexa nr. 1 la ordin.docx\" target=\"_blank\" rel=\"noopener\"><strong>Anexa nr. 1 la ordin \u00a0 \u00a0 <\/strong><\/a><a href=\"http:\/\/www.raten.ro\/documente\/conducere\/Anexa nr. 2 Act Aditional la contractul membrilor CA RATEN.doc\" target=\"_blank\" rel=\"noopener\"><strong>Anexa nr. 2 Act Aditional la contractul membrilor CA RATEN \u00a0 \u00a0 <\/strong><\/a><br \/>\n<a href=\"http:\/\/www.raten.ro\/documente\/conducere\/Anexa 5 -  Informati DIRECTORI + CA_RATEN.pdf\" target=\"_blank\" rel=\"noopener\"><strong><span style=\"color: #ff0000;\">Perioada contractului<\/span> \u00a0 \u00a0<\/strong><\/a><\/p>\n<div class=\"table-responsive\"><table  style=\"width:700px; \"  class=\"easy-table easy-table-default \" >\n<tbody>\r\n<tr><td  style=\"width:200px\" >Pre\u0219edinte CA<\/td>\n<td  style=\"width:150px\" >Ducu Marian C\u0103t\u0103lin<\/td>\n<td  style=\"width:30px\" ><a href=\"http:\/\/www.raten.ro\/documente\/CV\/CV Ducu Catalin.pdf\" target=\"_blank\" rel=\"noopener\"><strong>CV<\/strong><\/a><\/td>\n<td  style=\"width:250px\" >Fizician, Conf. univ. Dr.<\/td>\n<td  style=\"width:200px\" >05.10.2023-05.10.2027<\/td>\n<\/tr>\n\r\n<tr><td >Administrator<\/td>\n<td >Fulger Nicolae<\/td>\n<td ><strong><a href=\"http:\/\/www.raten.ro\/documente\/CV\/CV Fulger Nicolae.pdf\" target=\"_blank\" rel=\"noopener noreferrer\">CV<\/a><\/strong><\/td>\n<td >Inginer, CS III<\/td>\n<td >05.10.2023-05.10.2027<\/td>\n<\/tr>\n\r\n<tr><td >Administrator<\/td>\n<td >Trancot\u0103 Daniela<\/td>\n<td ><strong><a href=\"http:\/\/www.raten.ro\/documente\/CV\/CV Trancota Daniela.pdf\" target=\"_blank\" rel=\"noopener noreferrer\">CV<\/a><\/strong><\/td>\n<td >Fizician, Prof. fizica<\/td>\n<td >05.10.2023-05.10.2027<\/td>\n<\/tr>\n\r\n<tr><td >Administrator<\/td>\n<td >Ioni\u021b\u0103 Gheorghe<\/td>\n<td ><strong><a href=\"http:\/\/www.raten.ro\/documente\/CV\/CV Ionita Gheorghe.pdf\" target=\"_blank\" rel=\"noopener noreferrer\">CV<\/a><\/strong><\/td>\n<td >Chimist, CS I, Dr.<\/td>\n<td >05.10.2023-05.10.2027<\/td>\n<\/tr>\n\r\n<tr><td >Administrator<\/td>\n<td >B\u0103r\u00eec\u0103 Gheorghe<\/td>\n<td ><strong><a href=\"http:\/\/www.raten.ro\/documente\/CV\/CV Barica Gheorghe.pdf\" target=\"_blank\" rel=\"noopener noreferrer\">CV<\/a><\/strong><\/td>\n<td >Inginer, M. Sc.<\/td>\n<td >05.10.2023-05.10.2027<\/td>\n<\/tr>\n\r\n<tr><td >Administrator<\/td>\n<td >Mi\u0219a Ionu\u021b<\/td>\n<td ><strong><a href=\"http:\/\/www.raten.ro\/documente\/CV\/CV Misa Ionut.pdf\" target=\"_blank\" rel=\"noopener noreferrer\">CV<\/a><\/strong><\/td>\n<td >Economist, M. Sc.<\/td>\n<td >05.10.2023-05.10.2027<\/td>\n<\/tr>\n\r\n<tr><td >Director General<\/td>\n<td >U\u021b\u0103 Ion Octavian<\/td>\n<td ><strong><a href=\"http:\/\/www.raten.ro\/documente\/CV\/CV Uta Ion Octavian.pdf\" target=\"_blank\" rel=\"noopener noreferrer\">CV<\/a><\/strong><\/td>\n<td >Inginer, IDT III, M. Sc.<\/td>\n<td >05.10.2023-05.10.2027<\/td>\n<\/tr>\n<\/tbody><\/table><\/div>\n<p style=\"text-align: left;\"><strong><u>Aparatul propriu RATEN<\/u><\/strong><\/p>\n<div class=\"table-responsive\"><table  style=\"width:700px; \"  class=\"easy-table easy-table-default \" >\n<tbody>\r\n<tr><td  style=\"width:200px\" >Director General<\/td>\n<td  style=\"width:130px\" >U\u021b\u0103 Ion Octavian<\/td>\n<td  style=\"width:30px\" ><strong><a href=\"http:\/\/www.raten.ro\/documente\/CV\/CV Uta Ion Octavian.pdf\" target=\"_blank\" rel=\"noopener noreferrer\">CV<\/a><\/strong><\/td>\n<td  style=\"width:50px\" ><strong><a href=\"http:\/\/www.raten.ro\/documente\/conducere\/Contract DG - Ion Octavian UTA.pdf\" target=\"_blank\" rel=\"noopener noreferrer\">Contract<\/a><\/strong><\/td>\n<td  style=\"width:50px\" ><strong><a href=\"http:\/\/www.raten.ro\/documente\/conducere\/AA DG - Ion Octavian UTA 2.pdf\" target=\"_blank\" rel=\"noopener noreferrer\">Aditional<\/a><\/strong><\/td>\n<td  style=\"width:230px\" ><a class=\"link\" href=\"mailto:octavian.uta@raten.ro\">octavian.uta<\/a><img loading=\"lazy\" decoding=\"async\" class=\"alignnone wp-image-355\" src=\"http:\/\/www.raten.ro\/wp-content\/uploads\/2016\/02\/@-150x150.jpg\" alt=\"-(at)-\" width=\"12\" height=\"12\" srcset=\"https:\/\/www.raten.ro\/wp-content\/uploads\/2016\/02\/@-150x150.jpg 150w, https:\/\/www.raten.ro\/wp-content\/uploads\/2016\/02\/@.jpg 225w\" sizes=\"auto, (max-width: 12px) 100vw, 12px\" \/><a class=\"link\" href=\"mailto:octavian.uta@raten.ro\">raten.ro<\/a><br \/><a class=\"link\" href=\"mailto:octavian.uta@nuclear.ro\">octavian.uta<\/a><img loading=\"lazy\" decoding=\"async\" class=\"alignnone wp-image-355\" src=\"http:\/\/www.raten.ro\/wp-content\/uploads\/2016\/02\/@-150x150.jpg\" alt=\"-(at)-\" width=\"12\" height=\"12\" srcset=\"https:\/\/www.raten.ro\/wp-content\/uploads\/2016\/02\/@-150x150.jpg 150w, https:\/\/www.raten.ro\/wp-content\/uploads\/2016\/02\/@.jpg 225w\" sizes=\"auto, (max-width: 12px) 100vw, 12px\" \/><a class=\"link\" href=\"mailto:octavian.uta@nuclear.ro\">nuclear.ro<\/a><\/td>\n<\/tr>\n\r\n<tr><td >Director Strategie \u0219i Dezvoltare<\/td>\n<td >Ducu Marian C\u0103t\u0103lin<\/td>\n<td ><strong><a href=\"http:\/\/www.raten.ro\/documente\/CV\/CV Ducu Catalin.pdf\" target=\"_blank\" rel=\"noopener noreferrer\">CV<\/a><\/strong><\/td>\n<td ><strong><a href=\"http:\/\/www.raten.ro\/documente\/conducere\/Contract DSD - Marian Catalin DUCU.pdf\" target=\"_blank\" rel=\"noopener noreferrer\">Contract<\/a><\/strong><\/td>\n<td ><strong><a href=\"http:\/\/www.raten.ro\/documente\/conducere\/AA DSD - Marian Catalin DUCU 2.pdf\" target=\"_blank\" rel=\"noopener noreferrer\">Aditional<\/a><\/strong><\/td>\n<td ><a class=\"link\" href=\"mailto:catalin.ducu@raten.ro\">catalin.ducu<\/a><img loading=\"lazy\" decoding=\"async\" class=\"alignnone wp-image-355\" src=\"http:\/\/www.raten.ro\/wp-content\/uploads\/2016\/02\/@-150x150.jpg\" alt=\"-(at)-\" width=\"12\" height=\"12\" srcset=\"https:\/\/www.raten.ro\/wp-content\/uploads\/2016\/02\/@-150x150.jpg 150w, https:\/\/www.raten.ro\/wp-content\/uploads\/2016\/02\/@.jpg 225w\" sizes=\"auto, (max-width: 12px) 100vw, 12px\" \/><a class=\"link\" href=\"mailto:catalin.ducu@raten.ro\">raten.ro<\/a><\/td>\n<\/tr>\n\r\n<tr><td >Director economic<\/td>\n<td >Apostoliceanu Sorin<\/td>\n<td ><strong><a href=\"http:\/\/www.raten.ro\/documente\/CV\/CV Apostoliceanu Sorin.pdf\" target=\"_blank\" rel=\"noopener noreferrer\">CV<\/a><\/strong><\/td>\n<td ><strong><a href=\"http:\/\/www.raten.ro\/documente\/conducere\/Contract DE - Sorin APOSTOLICEANU.pdf\" target=\"_blank\" rel=\"noopener noreferrer\">Contract<\/a><\/strong><\/td>\n<td ><strong><a href=\"http:\/\/www.raten.ro\/documente\/conducere\/AA DE - Sorin APOSTOLICEANU 2.pdf\" target=\"_blank\" rel=\"noopener noreferrer\">Aditional<\/a><\/strong><\/td>\n<td ><a class=\"link\" href=\"mailto:sorin.apostoliceanu@raten.ro\">sorin.apostoliceanu<\/a><img loading=\"lazy\" decoding=\"async\" class=\"alignnone wp-image-355\" src=\"http:\/\/www.raten.ro\/wp-content\/uploads\/2016\/02\/@-150x150.jpg\" alt=\"-(at)-\" width=\"12\" height=\"12\" srcset=\"https:\/\/www.raten.ro\/wp-content\/uploads\/2016\/02\/@-150x150.jpg 150w, https:\/\/www.raten.ro\/wp-content\/uploads\/2016\/02\/@.jpg 225w\" sizes=\"auto, (max-width: 12px) 100vw, 12px\" \/><a class=\"link\" href=\"mailto:sorin.apostoliceanu@raten.ro\">raten.ro<\/a><\/td>\n<\/tr>\n<\/tbody><\/table><\/div>\n<p><strong><a href=\"https:\/\/www.raten.ro\/?page_id=3405\" rel=\"noopener noreferrer\">REMUNERATIE MEMBRI CA \/ DIRECTORI<\/a><\/strong><br \/>\n<strong><a href=\"https:\/\/www.raten.ro\/documente\/Raport CNR cu privire la remuneratiile si alte avantaje acordate administratorilor si directorilor RATEN 2025.pdf\" target=\"_blank\" rel=\"noopener noreferrer\">Raport CNR cu privire la remuneratiile si alte avantaje acordate administratorilor si directorilor RATEN 2025<\/a><\/strong><br \/>\n<strong><a href=\"https:\/\/www.raten.ro\/documente\/Raport CNR cu privire la remuneratiile si alte avantaje acordate administratorilor si directorilor RATEN 2024.pdf\" target=\"_blank\" rel=\"noopener noreferrer\">Raport CNR cu privire la remuneratiile si alte avantaje acordate administratorilor si directorilor RATEN 2024<\/a><\/strong><br \/>\n<strong><a href=\"https:\/\/www.raten.ro\/documente\/Raport CNR cu privire la remuneratiile si alte avantaje acordate administratorilor si directorilor RATEN 2023.pdf\" target=\"_blank\" rel=\"noopener noreferrer\">Raport CNR cu privire la remuneratiile si alte avantaje acordate administratorilor si directorilor RATEN 2023<\/a><\/strong><\/p>\n<p><strong><u>SUCURSALE:<\/u><\/strong><\/p>\n<p><strong>Institutul de Cercet\u0103ri Nucleare Pite\u0219ti &#8211; RATEN ICN<\/strong><\/p>\n<div class=\"table-responsive\"><table  style=\"width:650px; \"  class=\"easy-table easy-table-default \" >\n<tbody>\r\n<tr><td  style=\"width:200px\" >Director<\/td>\n<td  style=\"width:200px\" >Diaconu Daniela<\/td>\n<td  style=\"width:250px\" ><a class=\"link\" href=\"mailto:daniela.diaconu@nuclear.ro\">daniela.diaconu<\/a><img loading=\"lazy\" decoding=\"async\" class=\"alignnone wp-image-355\" src=\"http:\/\/www.raten.ro\/wp-content\/uploads\/2016\/02\/@-150x150.jpg\" alt=\"-(at)-\" width=\"12\" height=\"12\" srcset=\"https:\/\/www.raten.ro\/wp-content\/uploads\/2016\/02\/@-150x150.jpg 150w, https:\/\/www.raten.ro\/wp-content\/uploads\/2016\/02\/@.jpg 225w\" sizes=\"auto, (max-width: 12px) 100vw, 12px\" \/><a class=\"link\" href=\"mailto:daniela.diaconu@nuclear.ro\">nuclear.ro<\/a><\/td>\n<\/tr>\n\r\n<tr><td >Director adjunct Securitate Nuclear\u0103<\/td>\n<td >Cristian-Nicolae Dulama<\/td>\n<td ><a class=\"link\" href=\"mailto:cristian.dulama@nuclear.ro\">cristian.dulama<\/a><img loading=\"lazy\" decoding=\"async\" class=\"alignnone wp-image-355\" src=\"http:\/\/www.raten.ro\/wp-content\/uploads\/2016\/02\/@-150x150.jpg\" alt=\"-(at)-\" width=\"12\" height=\"12\" srcset=\"https:\/\/www.raten.ro\/wp-content\/uploads\/2016\/02\/@-150x150.jpg 150w, https:\/\/www.raten.ro\/wp-content\/uploads\/2016\/02\/@.jpg 225w\" sizes=\"auto, (max-width: 12px) 100vw, 12px\" \/><a class=\"link\" href=\"mailto:cristian.dulama@nuclear.ro\">nuclear.ro<\/a><\/td>\n<\/tr>\n\r\n<tr><td >Director adjunct \u0219tiin\u021bific<\/td>\n<td >Bucur Maria Crina<\/td>\n<td ><a class=\"link\" href=\"mailto:crina.bucur@nuclear.ro\">crina.bucur<\/a><img loading=\"lazy\" decoding=\"async\" class=\"alignnone wp-image-355\" src=\"http:\/\/www.raten.ro\/wp-content\/uploads\/2016\/02\/@-150x150.jpg\" alt=\"-(at)-\" width=\"12\" height=\"12\" srcset=\"https:\/\/www.raten.ro\/wp-content\/uploads\/2016\/02\/@-150x150.jpg 150w, https:\/\/www.raten.ro\/wp-content\/uploads\/2016\/02\/@.jpg 225w\" sizes=\"auto, (max-width: 12px) 100vw, 12px\" \/><a class=\"link\" href=\"mailto:crina.bucur@nuclear.ro\">nuclear.ro<\/a><\/td>\n<\/tr>\n\r\n<tr><td >Director adjunct economic<\/td>\n<td >Simina Bro\u0219tescu<\/td>\n<td ><a class=\"link\" href=\"mailto:simina.brostescu@nuclear.ro\">simina.brostescu<\/a><img loading=\"lazy\" decoding=\"async\" class=\"alignnone wp-image-355\" src=\"http:\/\/www.raten.ro\/wp-content\/uploads\/2016\/02\/@-150x150.jpg\" alt=\"-(at)-\" width=\"12\" height=\"12\" srcset=\"https:\/\/www.raten.ro\/wp-content\/uploads\/2016\/02\/@-150x150.jpg 150w, https:\/\/www.raten.ro\/wp-content\/uploads\/2016\/02\/@.jpg 225w\" sizes=\"auto, (max-width: 12px) 100vw, 12px\" \/><a class=\"link\" href=\"mailto:simina.brostescu@nuclear.ro\">nuclear.ro<\/a><\/td>\n<\/tr>\n<\/tbody><\/table><\/div>\n<p><strong>Centrul de Inginerie Tehnologic\u0103 Obiective Nucleare Bucure\u0219ti M\u0103gurele &#8211; RATEN CITON<\/strong><\/p>\n<p><div class=\"table-responsive\"><table  style=\"width:650px; \"  class=\"easy-table easy-table-default \" >\n<tbody>\r\n<tr><td  style=\"width:200px\" >Director<\/td>\n<td  style=\"width:200px\" >Staicu Gheorghe<\/td>\n<td  style=\"width:250px\" ><a class=\"link\" href=\"mailto:staicug@router.citon.ro\">staicug<\/a><img loading=\"lazy\" decoding=\"async\" class=\"alignnone wp-image-355\" src=\"http:\/\/www.raten.ro\/wp-content\/uploads\/2016\/02\/@-150x150.jpg\" alt=\"-(at)-\" width=\"12\" height=\"12\" srcset=\"https:\/\/www.raten.ro\/wp-content\/uploads\/2016\/02\/@-150x150.jpg 150w, https:\/\/www.raten.ro\/wp-content\/uploads\/2016\/02\/@.jpg 225w\" sizes=\"auto, (max-width: 12px) 100vw, 12px\" \/><a class=\"link\" href=\"mailto:staicug@router.citon.ro\">router.citon.ro<\/a><\/td>\n<\/tr>\n\r\n<tr><td >Director adjunct tehnic<\/td>\n<td >Fako Raluca M\u0103d\u0103lina<\/td>\n<td ><a class=\"link\" href=\"mailto:fakor@router.citon.ro\">fakor<\/a><img loading=\"lazy\" decoding=\"async\" class=\"alignnone wp-image-355\" src=\"http:\/\/www.raten.ro\/wp-content\/uploads\/2016\/02\/@-150x150.jpg\" alt=\"-(at)-\" width=\"12\" height=\"12\" srcset=\"https:\/\/www.raten.ro\/wp-content\/uploads\/2016\/02\/@-150x150.jpg 150w, https:\/\/www.raten.ro\/wp-content\/uploads\/2016\/02\/@.jpg 225w\" sizes=\"auto, (max-width: 12px) 100vw, 12px\" \/><a class=\"link\" href=\"mailto:fakor@router.citon.ro\">router.citon.ro<\/a><\/td>\n<\/tr>\n\r\n<tr><td >Director adjunct economic<\/td>\n<td >Preda Emilia Georgeta<\/td>\n<td ><a class=\"link\" href=\"mailto:predag@router.citon.ro\">predag<\/a><img loading=\"lazy\" decoding=\"async\" class=\"alignnone wp-image-355\" src=\"http:\/\/www.raten.ro\/wp-content\/uploads\/2016\/02\/@-150x150.jpg\" alt=\"-(at)-\" width=\"12\" height=\"12\" srcset=\"https:\/\/www.raten.ro\/wp-content\/uploads\/2016\/02\/@-150x150.jpg 150w, https:\/\/www.raten.ro\/wp-content\/uploads\/2016\/02\/@.jpg 225w\" sizes=\"auto, (max-width: 12px) 100vw, 12px\" \/><a class=\"link\" href=\"mailto:predag@router.citon.ro\">router.citon.ro<\/a><\/td>\n<\/tr>\n<\/tbody><\/table><\/div><\/p>","protected":false},"excerpt":{"rendered":"<p>RATEN este condus\u0103 de Consiliul de Administra\u021bie: numit prin Ordinul 1239 &#8211; 05.10.2023 &#8211; Ministerul Energiei Statutul si afilierea politica a membrilor Consiliului de administratie al RATEN Contract administrare RATEN &#8211; PROIECT ANEXA 1 \u00a0 \u00a0 ANEXA 2 \u00a0 \u00a0 ANEXA 3 \u00a0 \u00a0 Act aditional Contract administrare RATEN Ordin<span class=\"more-link\"><a href=\"https:\/\/www.raten.ro\/?page_id=31\">Read More &rarr;<\/a><\/span><\/p>\n","protected":false},"author":1,"featured_media":0,"parent":0,"menu_order":0,"comment_status":"closed","ping_status":"closed","template":"","meta":{"footnotes":""},"class_list":["entry","author-wpadmin","post-31","page","type-page","status-publish"],"_links":{"self":[{"href":"https:\/\/www.raten.ro\/index.php?rest_route=\/wp\/v2\/pages\/31","targetHints":{"allow":["GET"]}}],"collection":[{"href":"https:\/\/www.raten.ro\/index.php?rest_route=\/wp\/v2\/pages"}],"about":[{"href":"https:\/\/www.raten.ro\/index.php?rest_route=\/wp\/v2\/types\/page"}],"author":[{"embeddable":true,"href":"https:\/\/www.raten.ro\/index.php?rest_route=\/wp\/v2\/users\/1"}],"replies":[{"embeddable":true,"href":"https:\/\/www.raten.ro\/index.php?rest_route=%2Fwp%2Fv2%2Fcomments&post=31"}],"version-history":[{"count":30,"href":"https:\/\/www.raten.ro\/index.php?rest_route=\/wp\/v2\/pages\/31\/revisions"}],"predecessor-version":[{"id":4237,"href":"https:\/\/www.raten.ro\/index.php?rest_route=\/wp\/v2\/pages\/31\/revisions\/4237"}],"wp:attachment":[{"href":"https:\/\/www.raten.ro\/index.php?rest_route=%2Fwp%2Fv2%2Fmedia&parent=31"}],"curies":[{"name":"wp","href":"https:\/\/api.w.org\/{rel}","templated":true}]}}