{"id":2976,"date":"2020-10-26T13:01:19","date_gmt":"2020-10-26T11:01:19","guid":{"rendered":"https:\/\/www.raten.ro\/?page_id=2976"},"modified":"2020-10-29T10:35:46","modified_gmt":"2020-10-29T08:35:46","slug":"alfred-etapa-1-raportari","status":"publish","type":"page","link":"https:\/\/www.raten.ro\/?page_id=2976","title":{"rendered":"Alfred &#8211; Etapa 1 &#8211; Raport\u0103ri"},"content":{"rendered":"<p><\/p>\n<table border=\"0\" width=\"100%\" cellspacing=\"0\" align=\"left\">\n<tbody>\n<tr valign=\"top\">\n<td align=\"left\" width=\"30%\"><a href=\"https:\/\/www.raten.ro\/?page_id=2893\" rel=\"noopener noreferrer\"><img loading=\"lazy\" decoding=\"async\" class=\"aligncenter wp-image-2954 size-full\" src=\"https:\/\/www.raten.ro\/wp-content\/uploads\/2020\/10\/Alfred-Eatapa-1-2.jpg\" alt=\"\" width=\"220\" height=\"583\" srcset=\"https:\/\/www.raten.ro\/wp-content\/uploads\/2020\/10\/Alfred-Eatapa-1-2.jpg 220w, https:\/\/www.raten.ro\/wp-content\/uploads\/2020\/10\/Alfred-Eatapa-1-2-113x300.jpg 113w, https:\/\/www.raten.ro\/wp-content\/uploads\/2020\/10\/Alfred-Eatapa-1-2-208x550.jpg 208w, https:\/\/www.raten.ro\/wp-content\/uploads\/2020\/10\/Alfred-Eatapa-1-2-189x500.jpg 189w\" sizes=\"auto, (max-width: 220px) 100vw, 220px\" \/><\/a><\/td>\n<td style=\"text-align: center;\" align=\"left\" width=\"70%\"><span style=\"color: #ffffff;\">.<\/span><br \/>\n<a href=\"https:\/\/www.raten.ro\/wp-content\/uploads\/2020\/10\/Alfred-Eatapa-1-1.jpg\" target=\"_blank\" rel=\"noopener noreferrer\"><img loading=\"lazy\" decoding=\"async\" class=\"aligncenter wp-image-2955\" src=\"https:\/\/www.raten.ro\/wp-content\/uploads\/2020\/10\/Alfred-Eatapa-1-1.jpg\" alt=\"\" width=\"489\" height=\"100\" srcset=\"https:\/\/www.raten.ro\/wp-content\/uploads\/2020\/10\/Alfred-Eatapa-1-1.jpg 1466w, https:\/\/www.raten.ro\/wp-content\/uploads\/2020\/10\/Alfred-Eatapa-1-1-300x61.jpg 300w, https:\/\/www.raten.ro\/wp-content\/uploads\/2020\/10\/Alfred-Eatapa-1-1-1024x210.jpg 1024w, https:\/\/www.raten.ro\/wp-content\/uploads\/2020\/10\/Alfred-Eatapa-1-1-768x157.jpg 768w, https:\/\/www.raten.ro\/wp-content\/uploads\/2020\/10\/Alfred-Eatapa-1-1-465x95.jpg 465w, https:\/\/www.raten.ro\/wp-content\/uploads\/2020\/10\/Alfred-Eatapa-1-1-695x142.jpg 695w\" sizes=\"auto, (max-width: 489px) 100vw, 489px\" \/><\/a><br \/>\n<strong>ALFRED &#8211; ETAPA 1<\/strong><br \/>\n<em><strong>infrastructur\u0103 de cercetare suport:<\/strong><\/em><br \/>\n<em><strong>ATHENA<\/strong> (instala\u0163ie de tip piscin\u0103 pentru experimente \u015fi teste termohidraulice)<\/em><br \/>\n<em><strong>ChemLab<\/strong> (laborator pentru chimia plumbului)<\/em><\/p>\n<p style=\"text-align: justify;\"><strong>Raport\u0103ri<\/strong><\/p>\n<p style=\"text-align: justify;\">Vor fi \u00eenc\u0103rcate informa\u021bii despre rapoarte de progres, rapoarte de audit, rapoarte aferente activit\u0103\u0163ii de dirigen\u0163ie de \u015fantier, pe parcursul derul\u0103rii proiectului.<\/p>\n<p style=\"text-align: justify;\"><a href=\"http:\/\/www.fonduri-ue.ro\" target=\"_blank\" rel=\"noopener noreferrer\">www.fonduri-ue.ro<\/a><br \/>\n<a href=\"http:\/\/www.alfred-reactor.eu\" target=\"_blank\" rel=\"noopener noreferrer\">http:\/\/www.alfred-reactor.eu<\/a><\/p>\n<p style=\"text-align: justify; font-size: 10px;\"><strong><em>Proiect cofinan\u021bat din Fondul European de Dezvoltare Regional\u0103 prin Programul Opera\u021bional Competitivitate<\/em><\/strong><\/p>\n<\/td>\n<\/tr>\n<\/tbody>\n<\/table>\n<p><\/p>","protected":false},"excerpt":{"rendered":"<p>. ALFRED &#8211; ETAPA 1 infrastructur\u0103 de cercetare suport: ATHENA (instala\u0163ie de tip piscin\u0103 pentru experimente \u015fi teste termohidraulice) ChemLab (laborator pentru chimia plumbului) Raport\u0103ri Vor fi \u00eenc\u0103rcate informa\u021bii despre rapoarte de progres, rapoarte de audit, rapoarte aferente activit\u0103\u0163ii de dirigen\u0163ie de \u015fantier, pe parcursul derul\u0103rii proiectului. www.fonduri-ue.ro http:\/\/www.alfred-reactor.eu Proiect<span class=\"more-link\"><a href=\"https:\/\/www.raten.ro\/?page_id=2976\">Read More &rarr;<\/a><\/span><\/p>\n","protected":false},"author":1,"featured_media":0,"parent":0,"menu_order":0,"comment_status":"closed","ping_status":"closed","template":"","meta":{"footnotes":""},"class_list":["entry","author-wpadmin","post-2976","page","type-page","status-publish"],"_links":{"self":[{"href":"https:\/\/www.raten.ro\/index.php?rest_route=\/wp\/v2\/pages\/2976","targetHints":{"allow":["GET"]}}],"collection":[{"href":"https:\/\/www.raten.ro\/index.php?rest_route=\/wp\/v2\/pages"}],"about":[{"href":"https:\/\/www.raten.ro\/index.php?rest_route=\/wp\/v2\/types\/page"}],"author":[{"embeddable":true,"href":"https:\/\/www.raten.ro\/index.php?rest_route=\/wp\/v2\/users\/1"}],"replies":[{"embeddable":true,"href":"https:\/\/www.raten.ro\/index.php?rest_route=%2Fwp%2Fv2%2Fcomments&post=2976"}],"version-history":[{"count":0,"href":"https:\/\/www.raten.ro\/index.php?rest_route=\/wp\/v2\/pages\/2976\/revisions"}],"wp:attachment":[{"href":"https:\/\/www.raten.ro\/index.php?rest_route=%2Fwp%2Fv2%2Fmedia&parent=2976"}],"curies":[{"name":"wp","href":"https:\/\/api.w.org\/{rel}","templated":true}]}}