{"id":2974,"date":"2020-10-26T12:59:54","date_gmt":"2020-10-26T10:59:54","guid":{"rendered":"https:\/\/www.raten.ro\/?page_id=2974"},"modified":"2023-06-28T12:32:12","modified_gmt":"2023-06-28T09:32:12","slug":"alfred-etapa-1-achizitii","status":"publish","type":"page","link":"https:\/\/www.raten.ro\/?page_id=2974","title":{"rendered":"Alfred &#8211; Etapa 1 &#8211; Achizi\u021bii"},"content":{"rendered":"<p><\/p>\n<table border=\"0\" width=\"100%\" cellspacing=\"0\" align=\"left\">\n<tbody>\n<tr valign=\"top\">\n<td align=\"left\" width=\"30%\"><a href=\"https:\/\/www.raten.ro\/?page_id=2893\" rel=\"noopener noreferrer\"><img loading=\"lazy\" decoding=\"async\" class=\"aligncenter wp-image-2954 size-full\" src=\"https:\/\/www.raten.ro\/wp-content\/uploads\/2020\/10\/Alfred-Eatapa-1-2.jpg\" alt=\"\" width=\"220\" height=\"583\" srcset=\"https:\/\/www.raten.ro\/wp-content\/uploads\/2020\/10\/Alfred-Eatapa-1-2.jpg 220w, https:\/\/www.raten.ro\/wp-content\/uploads\/2020\/10\/Alfred-Eatapa-1-2-113x300.jpg 113w, https:\/\/www.raten.ro\/wp-content\/uploads\/2020\/10\/Alfred-Eatapa-1-2-208x550.jpg 208w, https:\/\/www.raten.ro\/wp-content\/uploads\/2020\/10\/Alfred-Eatapa-1-2-189x500.jpg 189w\" sizes=\"auto, (max-width: 220px) 100vw, 220px\" \/><\/a><\/td>\n<td style=\"text-align: center;\" align=\"left\" width=\"70%\"><span style=\"color: #ffffff;\">.<\/span><br \/>\n<a href=\"https:\/\/www.raten.ro\/wp-content\/uploads\/2020\/10\/Alfred-Eatapa-1-1.jpg\" target=\"_blank\" rel=\"noopener noreferrer\"><img loading=\"lazy\" decoding=\"async\" class=\"aligncenter wp-image-2955\" src=\"https:\/\/www.raten.ro\/wp-content\/uploads\/2020\/10\/Alfred-Eatapa-1-1.jpg\" alt=\"\" width=\"489\" height=\"100\" srcset=\"https:\/\/www.raten.ro\/wp-content\/uploads\/2020\/10\/Alfred-Eatapa-1-1.jpg 1466w, https:\/\/www.raten.ro\/wp-content\/uploads\/2020\/10\/Alfred-Eatapa-1-1-300x61.jpg 300w, https:\/\/www.raten.ro\/wp-content\/uploads\/2020\/10\/Alfred-Eatapa-1-1-1024x210.jpg 1024w, https:\/\/www.raten.ro\/wp-content\/uploads\/2020\/10\/Alfred-Eatapa-1-1-768x157.jpg 768w, https:\/\/www.raten.ro\/wp-content\/uploads\/2020\/10\/Alfred-Eatapa-1-1-465x95.jpg 465w, https:\/\/www.raten.ro\/wp-content\/uploads\/2020\/10\/Alfred-Eatapa-1-1-695x142.jpg 695w\" sizes=\"auto, (max-width: 489px) 100vw, 489px\" \/><\/a><br \/>\n<strong>ALFRED &#8211; ETAPA 1<\/strong><br \/>\n<em><strong>infrastructur\u0103 de cercetare suport:<\/strong><\/em><br \/>\n<em><strong>ATHENA<\/strong> (instala\u0163ie de tip piscin\u0103 pentru experimente \u015fi teste termohidraulice)<\/em><br \/>\n<em><strong>ChemLab<\/strong> (laborator pentru chimia plumbului)<\/em><\/p>\n<p style=\"text-align: justify;\"><strong>Achizi\u021bii<\/strong><\/p>\n<p style=\"text-align: justify;\">Vor fi \u00eenc\u0103rcate informa\u021bii referitoare la Contracte de execu\u021bie\/prest\u0103ri servicii\/furnizare aferente proiectului &#8220;ALFRED \u2013 Etapa 1&#8221;, pe parcursul derul\u0103rii proiectului.<\/p>\n<p style=\"text-align: justify;\"><strong><a href=\"https:\/\/www.raten.ro\/documente\/ALFRED\/Program achizitii proiect 2023 rev 6.pdf\" target=\"_blank\" rel=\"noopener noreferrer\">Program achizitii proiect 2023<\/a><\/strong><\/p>\n<p style=\"text-align: justify;\"><a href=\"http:\/\/www.fonduri-ue.ro\" target=\"_blank\" rel=\"noopener noreferrer\">www.fonduri-ue.ro<\/a><br \/>\n<a href=\"http:\/\/www.alfred-reactor.eu\" target=\"_blank\" rel=\"noopener noreferrer\">http:\/\/www.alfred-reactor.eu<\/a><\/p>\n<p style=\"text-align: justify; font-size: 10px;\"><strong><em>Proiect cofinan\u021bat din Fondul European de Dezvoltare Regional\u0103 prin Programul Opera\u021bional Competitivitate<\/em><\/strong><\/p>\n<\/td>\n<\/tr>\n<\/tbody>\n<\/table>\n<p><\/p>","protected":false},"excerpt":{"rendered":"<p>. ALFRED &#8211; ETAPA 1 infrastructur\u0103 de cercetare suport: ATHENA (instala\u0163ie de tip piscin\u0103 pentru experimente \u015fi teste termohidraulice) ChemLab (laborator pentru chimia plumbului) Achizi\u021bii Vor fi \u00eenc\u0103rcate informa\u021bii referitoare la Contracte de execu\u021bie\/prest\u0103ri servicii\/furnizare aferente proiectului &#8220;ALFRED \u2013 Etapa 1&#8221;, pe parcursul derul\u0103rii proiectului. Program achizitii proiect 2023 www.fonduri-ue.ro<span class=\"more-link\"><a href=\"https:\/\/www.raten.ro\/?page_id=2974\">Read More &rarr;<\/a><\/span><\/p>\n","protected":false},"author":1,"featured_media":0,"parent":0,"menu_order":0,"comment_status":"closed","ping_status":"closed","template":"","meta":{"footnotes":""},"class_list":["entry","author-wpadmin","post-2974","page","type-page","status-publish"],"_links":{"self":[{"href":"https:\/\/www.raten.ro\/index.php?rest_route=\/wp\/v2\/pages\/2974","targetHints":{"allow":["GET"]}}],"collection":[{"href":"https:\/\/www.raten.ro\/index.php?rest_route=\/wp\/v2\/pages"}],"about":[{"href":"https:\/\/www.raten.ro\/index.php?rest_route=\/wp\/v2\/types\/page"}],"author":[{"embeddable":true,"href":"https:\/\/www.raten.ro\/index.php?rest_route=\/wp\/v2\/users\/1"}],"replies":[{"embeddable":true,"href":"https:\/\/www.raten.ro\/index.php?rest_route=%2Fwp%2Fv2%2Fcomments&post=2974"}],"version-history":[{"count":2,"href":"https:\/\/www.raten.ro\/index.php?rest_route=\/wp\/v2\/pages\/2974\/revisions"}],"predecessor-version":[{"id":3650,"href":"https:\/\/www.raten.ro\/index.php?rest_route=\/wp\/v2\/pages\/2974\/revisions\/3650"}],"wp:attachment":[{"href":"https:\/\/www.raten.ro\/index.php?rest_route=%2Fwp%2Fv2%2Fmedia&parent=2974"}],"curies":[{"name":"wp","href":"https:\/\/api.w.org\/{rel}","templated":true}]}}