{"id":2963,"date":"2020-10-26T12:54:04","date_gmt":"2020-10-26T10:54:04","guid":{"rendered":"https:\/\/www.raten.ro\/?page_id=2963"},"modified":"2020-10-26T14:41:12","modified_gmt":"2020-10-26T12:41:12","slug":"alfred-etapa-1-rezultate","status":"publish","type":"page","link":"https:\/\/www.raten.ro\/?page_id=2963","title":{"rendered":"Alfred &#8211; Etapa 1 &#8211; Rezultate"},"content":{"rendered":"<p><\/p>\n<table border=\"0\" width=\"100%\" cellspacing=\"0\" align=\"left\">\n<tbody>\n<tr valign=\"top\">\n<td align=\"left\" width=\"30%\"><a href=\"https:\/\/www.raten.ro\/?page_id=2893\" rel=\"noopener noreferrer\"><img loading=\"lazy\" decoding=\"async\" class=\"aligncenter wp-image-2954 size-full\" src=\"https:\/\/www.raten.ro\/wp-content\/uploads\/2020\/10\/Alfred-Eatapa-1-2.jpg\" alt=\"\" width=\"220\" height=\"583\" srcset=\"https:\/\/www.raten.ro\/wp-content\/uploads\/2020\/10\/Alfred-Eatapa-1-2.jpg 220w, https:\/\/www.raten.ro\/wp-content\/uploads\/2020\/10\/Alfred-Eatapa-1-2-113x300.jpg 113w, https:\/\/www.raten.ro\/wp-content\/uploads\/2020\/10\/Alfred-Eatapa-1-2-208x550.jpg 208w, https:\/\/www.raten.ro\/wp-content\/uploads\/2020\/10\/Alfred-Eatapa-1-2-189x500.jpg 189w\" sizes=\"auto, (max-width: 220px) 100vw, 220px\" \/><\/a><\/td>\n<td style=\"text-align: center;\" align=\"left\" width=\"70%\"><span style=\"color: #ffffff;\">.<\/span><br \/>\n<a href=\"https:\/\/www.raten.ro\/wp-content\/uploads\/2020\/10\/Alfred-Eatapa-1-1.jpg\" target=\"_blank\" rel=\"noopener noreferrer\"><img loading=\"lazy\" decoding=\"async\" class=\"aligncenter wp-image-2955\" src=\"https:\/\/www.raten.ro\/wp-content\/uploads\/2020\/10\/Alfred-Eatapa-1-1.jpg\" alt=\"\" width=\"489\" height=\"100\" srcset=\"https:\/\/www.raten.ro\/wp-content\/uploads\/2020\/10\/Alfred-Eatapa-1-1.jpg 1466w, https:\/\/www.raten.ro\/wp-content\/uploads\/2020\/10\/Alfred-Eatapa-1-1-300x61.jpg 300w, https:\/\/www.raten.ro\/wp-content\/uploads\/2020\/10\/Alfred-Eatapa-1-1-1024x210.jpg 1024w, https:\/\/www.raten.ro\/wp-content\/uploads\/2020\/10\/Alfred-Eatapa-1-1-768x157.jpg 768w, https:\/\/www.raten.ro\/wp-content\/uploads\/2020\/10\/Alfred-Eatapa-1-1-465x95.jpg 465w, https:\/\/www.raten.ro\/wp-content\/uploads\/2020\/10\/Alfred-Eatapa-1-1-695x142.jpg 695w\" sizes=\"auto, (max-width: 489px) 100vw, 489px\" \/><\/a><br \/>\n<strong>ALFRED &#8211; ETAPA 1<\/strong><br \/>\n<em><strong>infrastructur\u0103 de cercetare suport:<\/strong><\/em><br \/>\n<em><strong>ATHENA<\/strong> (instala\u0163ie de tip piscin\u0103 pentru experimente \u015fi teste termohidraulice)<\/em><br \/>\n<em><strong>ChemLab<\/strong> (laborator pentru chimia plumbului)<\/em><\/p>\n<p style=\"text-align: justify;\"><strong>Rezultate majore preconizate<\/strong><\/p>\n<ul>\n<li style=\"text-align: justify;\">Proiectarea \u0219i construc\u021bia cl\u0103dirii pentru infrastructurile ATHENA \u0219i ChemLab. Cl\u0103direa principal\u0103 va g\u0103zdui instala\u021bia experimental\u0103 ATHENA \u0219i laboratorul ChemLab, precum \u0219i spa\u021biile de lucru pentru experimentatori. Cl\u0103direa auxiliar\u0103 deserve\u0219te \u00een mod direct func\u021bional cl\u0103direa principal\u0103 \u0219i este destinat\u0103 serviciilor auxiliare \u0219i anexelor tehnice necesare instala\u021biilor experimentale ATHENA \u0219i ChemLab;<\/li>\n<li style=\"text-align: justify;\">Proiectarea, realizarea, punerea \u00een func\u0163iune \u015fi testarea instala\u0163iei ATHENA. Instala\u021bia este de tip multifunc\u00feional, const\u00e2nd dintr-o piscina cu plumb topit, \u00eencalzit\u0103 electric (cu o putere total\u0103 de 2.21MW), destinat\u0103 investig\u0103rii regimurilor termhidraulice \u0219i func\u021bion\u0103rii componentelor, sistemelor, echipamentelor reactorului ALFRED.<\/li>\n<li style=\"text-align: justify;\">Realizarea, dotarea, punerea \u00een func\u021biune \u0219i testarea Laboratorul ChemLab, dedicat sus\u021binerii implement\u0103rii \u0219i dezvolt\u0103rii controlului \u0219i monitoriz\u0103rii regimului chimic al agentului de r\u0103cire (\u00een special controlul oxigenului), precum \u0219i investig\u0103rii interac\u021biunii dintre plumbul lichid \u0219i materialele structurale pentru formularea strategiilor de protec\u021bie la nivelul demonstratorului ALFRED. Laboratorul ChemLab va avea dou\u0103 componente: (1) laborator experimental \u0219i (2) laboratorul de analize structurale.<\/li>\n<li style=\"text-align: justify;\">Dezvoltarea programului \u015ftiin\u0163ific de investigare a aspectelor deschise ale tehnologiei reactorilor rapizi r\u0103ci\u0163i cu plumb pe baza folosirii instala\u0163iilor experimentale ATHENA \u015fi ChemLab;<\/li>\n<li style=\"text-align: justify;\">Achizi\u021bionarea agentului de r\u0103cire primar (plumb) utilizat \u00een func\u0163ionarea instala\u0163iei experimentale ATHENA.<\/li>\n<\/ul>\n<p style=\"text-align: justify;\"><a href=\"http:\/\/www.fonduri-ue.ro\" target=\"_blank\" rel=\"noopener noreferrer\">www.fonduri-ue.ro<\/a><br \/>\n<a href=\"http:\/\/www.alfred-reactor.eu\" target=\"_blank\" rel=\"noopener noreferrer\">http:\/\/www.alfred-reactor.eu<\/a><\/p>\n<p style=\"text-align: justify; font-size: 10px;\"><strong><em>Proiect cofinan\u021bat din Fondul European de Dezvoltare Regional\u0103 prin Programul Opera\u021bional Competitivitate<\/em><\/strong><\/p>\n<\/td>\n<\/tr>\n<\/tbody>\n<\/table>\n<p><\/p>","protected":false},"excerpt":{"rendered":"<p>. ALFRED &#8211; ETAPA 1 infrastructur\u0103 de cercetare suport: ATHENA (instala\u0163ie de tip piscin\u0103 pentru experimente \u015fi teste termohidraulice) ChemLab (laborator pentru chimia plumbului) Rezultate majore preconizate Proiectarea \u0219i construc\u021bia cl\u0103dirii pentru infrastructurile ATHENA \u0219i ChemLab. Cl\u0103direa principal\u0103 va g\u0103zdui instala\u021bia experimental\u0103 ATHENA \u0219i laboratorul ChemLab, precum \u0219i spa\u021biile de<span class=\"more-link\"><a href=\"https:\/\/www.raten.ro\/?page_id=2963\">Read More &rarr;<\/a><\/span><\/p>\n","protected":false},"author":1,"featured_media":0,"parent":0,"menu_order":0,"comment_status":"closed","ping_status":"closed","template":"","meta":{"footnotes":""},"class_list":["entry","author-wpadmin","post-2963","page","type-page","status-publish"],"_links":{"self":[{"href":"https:\/\/www.raten.ro\/index.php?rest_route=\/wp\/v2\/pages\/2963","targetHints":{"allow":["GET"]}}],"collection":[{"href":"https:\/\/www.raten.ro\/index.php?rest_route=\/wp\/v2\/pages"}],"about":[{"href":"https:\/\/www.raten.ro\/index.php?rest_route=\/wp\/v2\/types\/page"}],"author":[{"embeddable":true,"href":"https:\/\/www.raten.ro\/index.php?rest_route=\/wp\/v2\/users\/1"}],"replies":[{"embeddable":true,"href":"https:\/\/www.raten.ro\/index.php?rest_route=%2Fwp%2Fv2%2Fcomments&post=2963"}],"version-history":[{"count":0,"href":"https:\/\/www.raten.ro\/index.php?rest_route=\/wp\/v2\/pages\/2963\/revisions"}],"wp:attachment":[{"href":"https:\/\/www.raten.ro\/index.php?rest_route=%2Fwp%2Fv2%2Fmedia&parent=2963"}],"curies":[{"name":"wp","href":"https:\/\/api.w.org\/{rel}","templated":true}]}}