{"id":2601,"date":"2019-09-19T13:20:37","date_gmt":"2019-09-19T10:20:37","guid":{"rendered":"https:\/\/www.raten.ro\/?page_id=2601"},"modified":"2019-10-01T09:40:22","modified_gmt":"2019-10-01T06:40:22","slug":"alte-colaborari","status":"publish","type":"page","link":"https:\/\/www.raten.ro\/?page_id=2601","title":{"rendered":"Alte colabor\u0103ri"},"content":{"rendered":"<p><\/p>\n<h2 style=\"text-align: center;\"><span style=\"color: #000080;\"><strong>COG Canada<\/strong><\/span><\/h2>\n<hr \/>\n<ul>\n<li style=\"text-align: left;\"><strong><span style=\"color: #993366;\">COG\u2014RATEN: S-au definit noi direc\u0163ii \u015fi propuneri de colaborare, \u00een domeniile de interes pentru operarea reactorilor de tip CANDU 6.<br \/>\n<\/span><\/strong><\/li>\n<li><strong><span style=\"color: #993366;\">COG a propus o nou\u0103 formul\u0103 de colaborare prin realizarea de proiecte de cercetare-dezvoltare \u00een parteneriat, prin intermediul NEA\/OECD \u00een domeniile:<\/span><\/strong><br \/>\n<strong><span style=\"color: #993366;\">&#8211; Managementul de\u0219eurilor radioactive;<\/span><\/strong><br \/>\n<strong><span style=\"color: #993366;\">&#8211; Situa\u0163ii de urgen\u021b\u0103 radiologice.<\/span><\/strong><\/li>\n<\/ul>\n<hr \/>\n<h2 style=\"text-align: center;\"><span style=\"color: #000080;\"><strong>CEA<\/strong><\/span><\/h2>\n<hr \/>\n<ul>\n<li style=\"text-align: left;\"><strong><span style=\"color: #993366;\">Acordul \u00eentre Comisariatul pentru Energie Atomic\u0103 \u0219i Energii Alternative (CEA) \u0219i Regia Autonom\u0103 Tehnologii pentru Energia Nuclear\u0103 (RATEN), \u00een domeniul \u0219tiin\u021bei \u0219i tehnologiei nucleare, utilizat\u0103 \u00een scopuri pa\u0219nice (28 februarie 2018).<\/span><\/strong><\/li>\n<\/ul>\n<hr \/>\n<h2 id=\"doe_sua\" style=\"text-align: center;\"><span style=\"color: #000080;\"><strong>DoE SUA<\/strong><\/span><\/h2>\n<hr \/>\n<ul>\n<li style=\"text-align: left;\"><strong><span style=\"color: #993366;\">Sistemele inovative de Genera\u0163ie IV \u0219i pentru reactorii modulari mici (SMR);<\/span><\/strong><\/li>\n<li style=\"text-align: left;\"><strong><span style=\"color: #993366;\">Domeniul de\u0219eurilor radioactive;<\/span><\/strong><\/li>\n<li style=\"text-align: left;\"><strong><span style=\"color: #993366;\">Proiect EURATOM &#8211; US INERI: \u201eLFR in Regional Energy Markets: \u201cSafety, Sustainability, and Economic Assessment\u201d.<\/span><\/strong><\/li>\n<\/ul>\n<hr \/>\n<h2 style=\"text-align: center;\"><span style=\"color: #000080;\"><strong>IUCN DUBNA<\/strong><\/span><\/h2>\n<hr \/>\n<p style=\"text-align: center;\">\u201d<b>Investigations of Condensed Matter <\/b><b>by Modern Neutron Scattering Methods\u201d<\/b><\/p>\n<ul>\n<li><strong><span style=\"color: #993366;\">Protocolul <a href=\"http:\/\/wwwinfo.jinr.ru\/plan\/ptp-2018\/a841121.htm\" target=\"_blank\" rel=\"noopener noreferrer\"><span style=\"color: #0000ff;\">4725-4-18-20<\/span><\/a> dintre IUCN Dubna \u0219i RATEN ICN (2018-2020)<\/span><\/strong><\/li>\n<li><strong><span style=\"color: #993366;\">Protocolul <span style=\"color: #0000ff;\"><a style=\"color: #0000ff;\" href=\"http:\/\/wwwinfo.jinr.ru\/plan\/ptp-2015\/a541121.htm\" target=\"_blank\" rel=\"noopener noreferrer\">4422-4-15-17<\/a><\/span> \u00a0dintre IUCN Dubna \u0219i RATEN ICN (2015-2017)<\/span><\/strong><\/li>\n<\/ul>\n<p><\/p>","protected":false},"excerpt":{"rendered":"<p>COG Canada COG\u2014RATEN: S-au definit noi direc\u0163ii \u015fi propuneri de colaborare, \u00een domeniile de interes pentru operarea reactorilor de tip CANDU 6. COG a propus o nou\u0103 formul\u0103 de colaborare prin realizarea de proiecte de cercetare-dezvoltare \u00een parteneriat, prin intermediul NEA\/OECD \u00een domeniile: &#8211; Managementul de\u0219eurilor radioactive; &#8211; Situa\u0163ii de<span class=\"more-link\"><a href=\"https:\/\/www.raten.ro\/?page_id=2601\">Read More &rarr;<\/a><\/span><\/p>\n","protected":false},"author":1,"featured_media":0,"parent":0,"menu_order":0,"comment_status":"closed","ping_status":"closed","template":"","meta":{"footnotes":""},"class_list":["entry","author-wpadmin","post-2601","page","type-page","status-publish"],"_links":{"self":[{"href":"https:\/\/www.raten.ro\/index.php?rest_route=\/wp\/v2\/pages\/2601","targetHints":{"allow":["GET"]}}],"collection":[{"href":"https:\/\/www.raten.ro\/index.php?rest_route=\/wp\/v2\/pages"}],"about":[{"href":"https:\/\/www.raten.ro\/index.php?rest_route=\/wp\/v2\/types\/page"}],"author":[{"embeddable":true,"href":"https:\/\/www.raten.ro\/index.php?rest_route=\/wp\/v2\/users\/1"}],"replies":[{"embeddable":true,"href":"https:\/\/www.raten.ro\/index.php?rest_route=%2Fwp%2Fv2%2Fcomments&post=2601"}],"version-history":[{"count":0,"href":"https:\/\/www.raten.ro\/index.php?rest_route=\/wp\/v2\/pages\/2601\/revisions"}],"wp:attachment":[{"href":"https:\/\/www.raten.ro\/index.php?rest_route=%2Fwp%2Fv2%2Fmedia&parent=2601"}],"curies":[{"name":"wp","href":"https:\/\/api.w.org\/{rel}","templated":true}]}}