{"id":2558,"date":"2019-09-18T11:31:04","date_gmt":"2019-09-18T08:31:04","guid":{"rendered":"https:\/\/www.raten.ro\/?page_id=2558"},"modified":"2021-06-14T10:32:02","modified_gmt":"2021-06-14T07:32:02","slug":"iaea-viena","status":"publish","type":"page","link":"https:\/\/www.raten.ro\/?page_id=2558","title":{"rendered":"IAEA Viena"},"content":{"rendered":"<p><\/p>\n<h2 style=\"text-align: center;\"><span style=\"color: #000080;\"><strong>CRP, RER<\/strong><\/span><\/h2>\n<hr \/>\n<p style=\"text-align: center;\"><strong><span style=\"color: #993366;\">Proiecte de cercetare coordonate (CRP)<\/span><\/strong><\/p>\n<table border=\"2\" width=\"100%\" cellspacing=\"0\" align=\"center\">\n<tbody>\n<tr>\n<td align=\"left\" bgcolor=\"#3c74e6\" width=\"10%\"><strong><span style=\"color: #000000;\">CRP<\/span><\/strong><\/td>\n<td align=\"left\" bgcolor=\"#3c74e6\" width=\"40%\"><strong><span style=\"color: #000000;\">Proiect de cercetare coordonat<\/span><\/strong><\/td>\n<td align=\"left\" bgcolor=\"#3c74e6\" width=\"10%\"><strong><span style=\"color: #000000;\">RO<\/span><\/strong><\/td>\n<td align=\"left\" bgcolor=\"#3c74e6\" width=\"40%\"><strong><span style=\"color: #000000;\">Proiect Rom\u00e2nia<\/span><\/strong><\/td>\n<\/tr>\n<tr valign=\"top\">\n<td align=\"left\" bgcolor=\"#3c74e6\" width=\"10%\"><a href=\"https:\/\/www.iaea.org\/projects\/crp\/j71013\" target=\"_blank\" rel=\"noopener noreferrer\"><strong><span style=\"color: #ffffff;\">CRP J71013<\/span><\/strong><\/a><\/td>\n<td style=\"text-align: justify;\" align=\"left\" bgcolor=\"#3c74e6\" width=\"40%\"><span style=\"color: #ffffff;\">Innovative Methods in Research Reactor Analysis: Benchmark against Experimental Data on Neutronics and Thermalhydraulic Computational Methods and Tools for Operation and Safety Analysis of Research reactors<\/span><\/td>\n<td align=\"left\" bgcolor=\"#3c74e6\" width=\"10%\"><strong><span style=\"color: #ffffff;\">RO 15350<\/span><\/strong><\/td>\n<td style=\"text-align: justify;\" align=\"left\" bgcolor=\"#3c74e6\" width=\"40%\"><span style=\"color: #ffffff;\">Assessment of the Computational Tools and Methods Used in Safety Analysis at TRIGA SSR 14 MW against Research Reactors Experimental data<\/span><\/td>\n<\/tr>\n<tr valign=\"top\">\n<td align=\"left\" bgcolor=\"#3c74e6\" width=\"10%\"><a href=\"https:\/\/www.iaea.org\/fr\/projects\/crp\/f23027\" target=\"_blank\" rel=\"noopener noreferrer\"><strong><span style=\"color: #ffffff;\">CRP F23027<\/span><\/strong><\/a><\/td>\n<td style=\"text-align: justify;\" align=\"left\" bgcolor=\"#3c74e6\" width=\"40%\"><span style=\"color: #ffffff;\">Application of Large Sample Neutron Activation Analysis Techniques for Inhomogeneous Bulk Archaeological Samples and Large Objects<\/span><\/td>\n<td align=\"left\" bgcolor=\"#3c74e6\" width=\"10%\"><strong><span style=\"color: #ffffff;\">RO 15066<\/span><\/strong><\/td>\n<td style=\"text-align: justify;\" align=\"left\" bgcolor=\"#3c74e6\" width=\"40%\"><span style=\"color: #ffffff;\">Large Sample NAA Facility And Methodology Development<\/span><\/td>\n<\/tr>\n<tr valign=\"top\">\n<td align=\"left\" bgcolor=\"#3c74e6\" width=\"10%\"><a href=\"https:\/\/www.iaea.org\/projects\/crp\/l53002\" target=\"_blank\" rel=\"noopener noreferrer\"><strong><span style=\"color: #ffffff;\">CRP L53002<\/span><\/strong><\/a><\/td>\n<td style=\"text-align: justify;\" align=\"left\" bgcolor=\"#3c74e6\" width=\"40%\"><span style=\"color: #ffffff;\">Increasing NPP Performance through Process-oriented Knowledge management Approach<\/span><\/td>\n<td align=\"left\" bgcolor=\"#3c74e6\" width=\"10%\"><strong><span style=\"color: #ffffff;\">RO 16373 <\/span><\/strong><\/td>\n<td style=\"text-align: justify;\" align=\"left\" bgcolor=\"#3c74e6\" width=\"40%\"><span style=\"color: #ffffff;\">Case Study: \u201dThe Development and Implementation of the Knowledge Transfer and Preservation Process at Cernavod\u0103 NPP\u201d<\/span><\/td>\n<\/tr>\n<tr valign=\"top\">\n<td align=\"left\" bgcolor=\"#3c74e6\" width=\"10%\"><a href=\"https:\/\/www.iaea.org\/projects\/crp\/f11014\" target=\"_blank\" rel=\"noopener noreferrer\"><strong><span style=\"color: #ffffff;\">CRP F11014<\/span><\/strong><\/a><\/td>\n<td style=\"text-align: justify;\" align=\"left\" bgcolor=\"#3c74e6\" width=\"40%\"><span style=\"color: #ffffff;\">Benchmarking of Structural Materials Pre-selected for Advanced Nuclear Reactors<\/span><\/td>\n<td align=\"left\" bgcolor=\"#3c74e6\" width=\"10%\"><strong><span style=\"color: #ffffff;\">RO 16705<\/span><\/strong><\/td>\n<td style=\"text-align: justify;\" align=\"left\" bgcolor=\"#3c74e6\" width=\"40%\"><span style=\"color: #ffffff;\">Benchmarking of Advanced Materials Pre-Selected for Innovative Nuclear Reactors<\/span><\/td>\n<\/tr>\n<tr valign=\"top\">\n<td align=\"left\" bgcolor=\"#3c74e6\" width=\"10%\"><a href=\"https:\/\/www.iaea.org\/projects\/crp\/t12025\" target=\"_blank\" rel=\"noopener noreferrer\"><strong><span style=\"color: #ffffff;\">CRP T12025<\/span><\/strong><\/a><\/td>\n<td style=\"text-align: justify;\" align=\"left\" bgcolor=\"#3c74e6\" width=\"40%\"><span style=\"color: #ffffff;\">Evaluation of Conditions for Hydrogen-Induced Degradation of Zirconium during Fuel Operating and Storage<\/span><\/td>\n<td align=\"left\" bgcolor=\"#3c74e6\" width=\"10%\"><strong><span style=\"color: #ffffff;\">RO 16798<\/span><\/strong><\/td>\n<td style=\"text-align: justify;\" align=\"left\" bgcolor=\"#3c74e6\" width=\"40%\"><span style=\"color: #ffffff;\">Factors Affecting the Zirconium Alloy behaviour due to Hydrogen-uptake<\/span><\/td>\n<\/tr>\n<tr valign=\"top\">\n<td align=\"left\" bgcolor=\"#3c74e6\" width=\"10%\"><a href=\"https:\/\/www.iaea.org\/projects\/crp\/f11018\" target=\"_blank\" rel=\"noopener noreferrer\"><strong><span style=\"color: #ffffff;\">CRP F11018<\/span><\/strong><\/a><\/td>\n<td style=\"text-align: justify;\" align=\"left\" bgcolor=\"#3c74e6\" width=\"40%\"><span style=\"color: #ffffff;\">Application of Two and Three Dimensional Neutron Imaging with Focus on Cultural Heritage Research<\/span><\/td>\n<td align=\"left\" bgcolor=\"#3c74e6\" width=\"10%\"><strong><span style=\"color: #ffffff;\">RO 17216<\/span><\/strong><\/td>\n<td style=\"text-align: justify;\" align=\"left\" bgcolor=\"#3c74e6\" width=\"40%\"><span style=\"color: #ffffff;\">The Neutron and Gamma Imaging Method combined with Neutron-Based Analytical Methods for Cultural Heritage Research<\/span><\/td>\n<\/tr>\n<tr valign=\"top\">\n<td align=\"left\" bgcolor=\"#3c74e6\" width=\"10%\"><a href=\"https:\/\/www.iaea.org\/projects\/crp\/i31023\" target=\"_blank\" rel=\"noopener noreferrer\"><strong><span style=\"color: #ffffff;\">CRP I31023<\/span><\/strong><\/a><\/td>\n<td style=\"text-align: justify;\" align=\"left\" bgcolor=\"#3c74e6\" width=\"40%\"><span style=\"color: #ffffff;\">Prediction of Axial and Radial Creep in Pressure Tubes<\/span><\/td>\n<td align=\"left\" bgcolor=\"#3c74e6\" width=\"10%\"><strong><span style=\"color: #ffffff;\">RO 17519<\/span><\/strong><\/td>\n<td style=\"text-align: justify;\" align=\"left\" bgcolor=\"#3c74e6\" width=\"40%\"><span style=\"color: #ffffff;\">Prediction of Axial and Radial Creep in CANDU Pressure Tubes<\/span><\/td>\n<\/tr>\n<tr valign=\"top\">\n<td align=\"left\" bgcolor=\"#3c74e6\" width=\"10%\"><a href=\"https:\/\/www.iaea.org\/projects\/crp\/t12027\" target=\"_blank\" rel=\"noopener noreferrer\"><strong><span style=\"color: #ffffff;\">CRP T12027<\/span><\/strong><\/a><\/td>\n<td style=\"text-align: justify;\" align=\"left\" bgcolor=\"#3c74e6\" width=\"40%\"><span style=\"color: #ffffff;\">Reliability of High Power Extended Burn up and Advanced PHWR Fuels<\/span><\/td>\n<td align=\"left\" bgcolor=\"#3c74e6\" width=\"10%\"><strong><span style=\"color: #ffffff;\">RO 18226<\/span><\/strong><\/td>\n<td style=\"text-align: justify;\" align=\"left\" bgcolor=\"#3c74e6\" width=\"40%\"><span style=\"color: #ffffff;\">Reliability of High Power Extended Burn up and Advanced PHWR Fuels<\/span><\/td>\n<\/tr>\n<tr valign=\"top\">\n<td align=\"left\" bgcolor=\"#3c74e6\" width=\"10%\"><a href=\"https:\/\/www.iaea.org\/projects\/crp\/t12029\" target=\"_blank\" rel=\"noopener noreferrer\"><strong><span style=\"color: #ffffff;\">CRP T12029<\/span><\/strong><\/a><\/td>\n<td style=\"text-align: justify;\" align=\"left\" bgcolor=\"#3c74e6\" width=\"40%\"><span style=\"color: #ffffff;\">Benchmarks of Computational Tools against Experimental Data on Fuel Burnup and Material Activation for Utilization, Operation and Safety Analysis of Research Reactors<\/span><\/td>\n<td align=\"left\" bgcolor=\"#3c74e6\" width=\"10%\"><strong><span style=\"color: #ffffff;\">RO 18729<\/span><\/strong><\/td>\n<td style=\"text-align: justify;\" align=\"left\" bgcolor=\"#3c74e6\" width=\"40%\"><span style=\"color: #ffffff;\">Benchmarking Activities on Fuel Burnup and Material Activation with Computational Tools and Data Available at TRIGA Rom\u00e2nia<\/span><\/td>\n<\/tr>\n<tr valign=\"top\">\n<td align=\"left\" bgcolor=\"#3c74e6\" width=\"10%\"><a href=\"https:\/\/www.iaea.org\/projects\/crp\/i31032\" target=\"_blank\" rel=\"noopener noreferrer\"><strong><span style=\"color: #ffffff;\">CRP I31032<\/span><\/strong><\/a><\/td>\n<td style=\"text-align: justify;\" align=\"left\" bgcolor=\"#3c74e6\" width=\"40%\"><span style=\"color: #ffffff;\">Neutronics Benchmark of CEFR Start-up Tests<\/span><\/td>\n<td align=\"left\" bgcolor=\"#3c74e6\" width=\"10%\"><strong><span style=\"color: #ffffff;\">RO 22755<\/span><\/strong><\/td>\n<td style=\"text-align: justify;\" align=\"left\" bgcolor=\"#3c74e6\" width=\"40%\"><span style=\"color: #ffffff;\">Neutronics Simulations of the CEFR Start-up Tests using Monte Carlo computer codes (SERPENT 2, MCNPX)<\/span><\/td>\n<\/tr>\n<\/tbody>\n<\/table>\n<hr \/>\n<p style=\"text-align: center;\"><strong><span style=\"color: #993366;\">Proiecte na\u021bionale<\/span><\/strong><\/p>\n<table border=\"2\" width=\"100%\" cellspacing=\"0\" align=\"center\">\n<tbody>\n<tr>\n<td align=\"left\" bgcolor=\"#3c74e6\" width=\"10%\"><strong><span style=\"color: #000000;\">Proiect<\/span><\/strong><\/td>\n<td align=\"left\" bgcolor=\"#3c74e6\" width=\"90%\"><strong><span style=\"color: #000000;\">Titlu<\/span><\/strong><\/td>\n<\/tr>\n<tr valign=\"top\">\n<td align=\"left\" bgcolor=\"#3c74e6\" width=\"10%\"><strong><span style=\"color: #ffffff;\">ROM 007<\/span><\/strong><\/td>\n<td style=\"text-align: justify;\" align=\"left\" bgcolor=\"#3c74e6\" width=\"90%\"><span style=\"color: #ffffff;\">Supporting a Refueling Simulator and Nuclear Knowledge Management Tool<\/span><\/td>\n<\/tr>\n<\/tbody>\n<\/table>\n<hr \/>\n<p style=\"text-align: center;\"><strong><span style=\"color: #993366;\">Proiecte Regionale coordonate de RATEN<\/span><\/strong><\/p>\n<table border=\"2\" width=\"100%\" cellspacing=\"0\" align=\"center\">\n<tbody>\n<tr>\n<td align=\"left\" bgcolor=\"#3c74e6\" width=\"10%\"><strong><span style=\"color: #000000;\">Proiect<\/span><\/strong><\/td>\n<td align=\"left\" bgcolor=\"#3c74e6\" width=\"80%\"><strong><span style=\"color: #000000;\">Titlu<\/span><\/strong><\/td>\n<td align=\"left\" bgcolor=\"#3c74e6\" width=\"10%\"><strong><span style=\"color: #000000;\">Calitate<\/span><\/strong><\/td>\n<\/tr>\n<tr valign=\"top\">\n<td align=\"left\" bgcolor=\"#3c74e6\" width=\"10%\"><strong><span style=\"color: #ffffff;\">RER 2016013<br \/>\nRER 0043<\/span><\/strong><\/td>\n<td style=\"text-align: justify;\" align=\"left\" bgcolor=\"#3c74e6\" width=\"80%\"><span style=\"color: #ffffff;\">Enhancing Capacity Building Activities in the European Nuclear and Radiation Safety Organizations for Safe Operation of Facilities<\/span><\/td>\n<td align=\"left\" bgcolor=\"#3c74e6\" width=\"10%\"><span style=\"color: #ffffff;\">Coordonator<\/span><\/td>\n<\/tr>\n<\/tbody>\n<\/table>\n<hr \/>\n<h2 id=\"INPRO\" style=\"text-align: center;\"><span style=\"color: #000080;\"><strong>INPRO<\/strong><\/span><\/h2>\n<p style=\"text-align: center;\"><span style=\"color: #000080;\"><strong>Programul interna\u021bional pentru reactori inovatori \u0219i cicluri de combustibil<\/strong><\/span><\/p>\n<hr \/>\n<p style=\"text-align: center;\"><strong><span style=\"color: #993366;\">Proiecte colaborative \u015fi activit\u0103\u0163i \u00een cadrul Task 1 \u201dGlobal Scenarios\u201d al INPRO<\/span><\/strong><\/p>\n<table border=\"2\" width=\"100%\" cellspacing=\"0\" align=\"center\">\n<tbody>\n<tr>\n<td align=\"left\" bgcolor=\"#3c74e6\" width=\"10%\"><strong><span style=\"color: #000000;\">Proiect<\/span><\/strong><\/td>\n<td align=\"left\" bgcolor=\"#3c74e6\" width=\"90%\"><strong><span style=\"color: #000000;\">Titlu<\/span><\/strong><\/td>\n<\/tr>\n<tr valign=\"top\">\n<td align=\"left\" bgcolor=\"#3c74e6\" width=\"10%\"><strong><span style=\"color: #ffffff;\">CENESO<\/span><\/strong><\/td>\n<td style=\"text-align: justify;\" align=\"left\" bgcolor=\"#3c74e6\" width=\"90%\"><span style=\"color: #ffffff;\">Evaluarea comparativ\u0103 a op\u021biunilor pentru sistemul energetic nuclear (Comparative Evaluation of Nuclear Energy System Options)<\/span><\/td>\n<\/tr>\n<tr valign=\"top\">\n<td align=\"left\" bgcolor=\"#3c74e6\" width=\"10%\"><span style=\"color: #ffffff;\"><strong>ROADMAPS<\/strong><\/span><\/td>\n<td style=\"text-align: justify;\" align=\"left\" bgcolor=\"#3c74e6\" width=\"90%\"><span style=\"color: #ffffff;\">Foile de parcurs pentru o tranzi\u021bie c\u0103tre un sistem energetic nuclear durabil la nivel global (Roadmaps for a Transition to Globally Sustenable Nuclear Energy System)<\/span><\/td>\n<\/tr>\n<tr valign=\"top\">\n<td align=\"left\" bgcolor=\"#3c74e6\" width=\"10%\"><span style=\"color: #ffffff;\"><strong>KIND<\/strong><\/span><\/td>\n<td style=\"text-align: justify;\" align=\"left\" bgcolor=\"#3c74e6\" width=\"90%\"><span style=\"color: #ffffff;\">Indicatori-cheie pentru formele inovatoare de energie nuclear\u0103 (Key Indicators for Innovative Nuclear Energy)<\/span><\/td>\n<\/tr>\n<tr valign=\"top\">\n<td align=\"left\" bgcolor=\"#3c74e6\" width=\"10%\"><strong><span style=\"color: #ffffff;\">SYNERGIES<\/span><\/strong><\/td>\n<td style=\"text-align: justify;\" align=\"left\" bgcolor=\"#3c74e6\" width=\"90%\"><span style=\"color: #ffffff;\">Interac\u021biunile sinergice ale grupului regional de energie nuclear\u0103 evaluate pentru durabilitate (Synergetic Nuclear Energy Regional Group Interactions Evaluated for Sustainability)<\/span><\/td>\n<\/tr>\n<\/tbody>\n<\/table>\n<table border=\"2\" width=\"100%\" cellspacing=\"0\" align=\"center\">\n<tbody>\n<tr>\n<td align=\"left\" bgcolor=\"#3c74e6\" width=\"20%\"><strong><span style=\"color: #000000;\">Activitate<\/span><\/strong><\/td>\n<td align=\"left\" bgcolor=\"#3c74e6\" width=\"80%\"><strong><span style=\"color: #000000;\">Obiective<\/span><\/strong><\/td>\n<\/tr>\n<tr valign=\"top\">\n<td align=\"left\" bgcolor=\"#3c74e6\" width=\"20%\"><strong><span style=\"color: #ffffff;\">Dezvoltarea serviciului INPRO Task 1 pentru statele membre<\/span><\/strong><\/td>\n<td style=\"text-align: justify;\" align=\"left\" bgcolor=\"#3c74e6\" width=\"80%\"><span style=\"color: #ffffff;\">Utilizarea instrumentelor de modelare a scenariilor \u015fi de analiz\u0103 a deciziilor \u00een sprijinul planific\u0103rii dezvolt\u0103rii durabile a sistemelor energetice nucleare (\u201eAnalysis Support for Enhanced Nuclear Energy Sustainability\u201d \u2013 ASENES)<\/span><\/td>\n<\/tr>\n<\/tbody>\n<\/table>\n<hr \/>\n<p style=\"text-align: center;\"><strong><span style=\"color: #993366;\">Proiecte colaborative \u00een cadrul Task 2 \u201dInnovations\u201d al INPRO<\/span><\/strong><\/p>\n<table border=\"2\" width=\"100%\" cellspacing=\"0\" align=\"center\">\n<tbody>\n<tr>\n<td align=\"left\" bgcolor=\"#3c74e6\" width=\"10%\"><strong><span style=\"color: #000000;\">Proiect<\/span><\/strong><\/td>\n<td align=\"left\" bgcolor=\"#3c74e6\" width=\"90%\"><strong><span style=\"color: #000000;\">Titlu<\/span><\/strong><\/td>\n<\/tr>\n<tr valign=\"top\">\n<td align=\"left\" bgcolor=\"#3c74e6\" width=\"10%\"><strong><span style=\"color: #ffffff;\">FANES<\/span><\/strong><\/td>\n<td style=\"text-align: justify;\" align=\"left\" bgcolor=\"#3c74e6\" width=\"90%\"><span style=\"color: #ffffff;\">Analiza combustibilului \u015fi a ciclurilor de combustibili nucleari pentru viitoarele sisteme energetice nucleare (Nuclear Fuel and Fuel Cycle Analysis for Future NES)<\/span><\/td>\n<\/tr>\n<tr valign=\"top\">\n<td align=\"left\" bgcolor=\"#3c74e6\" width=\"10%\"><span style=\"color: #ffffff;\"><strong>WIRAF<\/strong><\/span><\/td>\n<td style=\"text-align: justify;\" align=\"left\" bgcolor=\"#3c74e6\" width=\"90%\"><span style=\"color: #ffffff;\">De\u015feurile provenite din reactori \u015fi cicluri de combustibil inovatori (Waste from Innovative Types of Reactors and Fuel Cycle)<\/span><\/td>\n<\/tr>\n<\/tbody>\n<\/table>\n<hr \/>\n<p style=\"text-align: center;\"><strong><span style=\"color: #993366;\">Activit\u0103\u021bi \u00een cadrul Task 3 \u201eSustainability Assessment and Strategies\u201d al INPRO<\/span><\/strong><\/p>\n<table border=\"2\" width=\"100%\" cellspacing=\"0\" align=\"center\">\n<tbody>\n<tr>\n<td align=\"left\" bgcolor=\"#3c74e6\" width=\"20%\"><strong><span style=\"color: #000000;\">Activitate<\/span><\/strong><\/td>\n<td align=\"left\" bgcolor=\"#3c74e6\" width=\"80%\"><strong><span style=\"color: #000000;\">Obiective<\/span><\/strong><\/td>\n<\/tr>\n<tr valign=\"top\">\n<td align=\"left\" bgcolor=\"#3c74e6\" width=\"20%\"><strong><span style=\"color: #ffffff;\">Actualizarea instrumentului de sprijin economic pentru evaluarea sistemelor energetice nucleare (NEST)<br \/>\n<\/span><\/strong><\/td>\n<td style=\"text-align: justify;\" align=\"left\" bgcolor=\"#3c74e6\" width=\"80%\"><span style=\"color: #ffffff;\">Utilizarea instrumentelor de modelare a scenariilor \u015fi de analiz\u0103 a deciziilor \u00een sprijinul planific\u0103rii dezvolt\u0103rii durabile a sistemelor energetice nucleare (\u201eAnalysis Support for Enhanced Nuclear Energy Sustainability\u201d \u2013 ASENES)<\/span><\/td>\n<\/tr>\n<\/tbody>\n<\/table>\n<hr \/>\n<p style=\"text-align: center;\"><strong><span style=\"color: #993366;\">Activit\u0103\u021bi \u00een cadrul Task 4 \u201eDialogue and Outreach\u201d al INPRO<\/span><\/strong><\/p>\n<table border=\"2\" width=\"100%\" cellspacing=\"0\" align=\"center\">\n<tbody>\n<tr>\n<td align=\"left\" bgcolor=\"#3c74e6\" width=\"20%\"><strong><span style=\"color: #000000;\">Activitate<\/span><\/strong><\/td>\n<td align=\"left\" bgcolor=\"#3c74e6\" width=\"80%\"><strong><span style=\"color: #000000;\">Obiective<\/span><\/strong><\/td>\n<\/tr>\n<tr valign=\"top\">\n<td align=\"left\" bgcolor=\"#3c74e6\" width=\"20%\"><strong><span style=\"color: #ffffff;\">Actualizarea forumului de dialog pe tema durabilit\u0103\u0163ii energiei nucleare la nivel global<\/span><\/strong><\/td>\n<td style=\"text-align: justify;\" align=\"left\" bgcolor=\"#3c74e6\" width=\"80%\"><span style=\"color: #ffffff;\">Prin acest dialog, de\u0163in\u0103torii tehnologiilor pot \u00een\u0163elege mai bine nevoile \u015fi \u00eengrijor\u0103rile utilizatorilor, iar ace\u015ftia pot \u00een\u0163elege mai bine posibilit\u0103\u0163ile \u015fi limit\u0103rile tehnologiilor \u015fi ale serviciilor furnizate.<\/span><\/td>\n<\/tr>\n<tr valign=\"top\">\n<td align=\"left\" bgcolor=\"#3c74e6\" width=\"20%\"><strong><span style=\"color: #ffffff;\">INPRO Training<\/span><\/strong><\/td>\n<td style=\"text-align: justify;\" align=\"left\" bgcolor=\"#3c74e6\" width=\"80%\"><span style=\"color: #ffffff;\">Un program cuprinz\u0103tor de preg\u0103tire (\u015fcoala INPRO) care s\u0103 acopere toate aspectele, serviciile, instrumentele \u015fi activit\u0103\u0163ile de interes pentru toate taskurile INPRO, menit s\u0103 vin\u0103 \u00een sprijinul statelor membre, \u00een vederea elabor\u0103rii unor strategii pe termen lung pentru integrarea programului energetic nuclear \u00een mixul energetic na\u0163ional.<\/span><\/td>\n<\/tr>\n<tr valign=\"top\">\n<td align=\"left\" bgcolor=\"#3c74e6\" width=\"20%\"><strong><span style=\"color: #ffffff;\">Instrumente de e-learning \u015fi \u00eenv\u0103\u0163\u0103m\u00e2nt la distan\u0163\u0103, \u00een sprijinul preg\u0103tirii INPRO<\/span><\/strong><\/td>\n<td style=\"text-align: justify;\" align=\"left\" bgcolor=\"#3c74e6\" width=\"80%\"><span style=\"color: #ffffff;\">Online Assist Training combin\u0103 aspecte ale cursului de autoeduca\u0163ie de tip e-learning cu consulta\u0163iile online, prin intermediul softurilor de teleconferin\u0163\u0103, \u0163inute de exper\u0163i externi \u015fi personal IAEA dedicat prin intermediul platformei IAEA Learning Management System.<\/span><\/td>\n<\/tr>\n<\/tbody>\n<\/table>\n<hr \/>\n<h2 id=\"INPRO\" style=\"text-align: center;\"><span style=\"color: #000080;\"><strong>Practical Arrangement<\/strong><\/span><\/h2>\n<ul>\n<li style=\"text-align: justify;\"><strong><span style=\"color: #993366;\">Acordul de tip Practical Arrangements \u00eentre Agen\u0163ia Interna\u0163ional\u0103 pentru Energie Atomic\u0103 Viena (IAEA) \u015fi Institutul de Cercet\u0103ri Nucleare Pite\u015fti (RATEN ICN), \u00een domeniul securit\u0103\u0163ii nucleare, semnat in septembrie 2016, a fost reinnoit \u00een 2019 pentru \u00eenc\u0103 3 ani.<\/span><\/strong><\/li>\n<li style=\"text-align: justify;\"><strong><span style=\"color: #993366;\">Producerea unei noi versiuni a instrumentului de sprijin economic Nuclear Economics Support Tool (NEST)<\/span><\/strong><\/li>\n<\/ul>\n<hr \/>\n<h2 style=\"text-align: center;\"><span style=\"color: #000080;\"><strong>ALMERA, RANET<\/strong><\/span><\/h2>\n<ul>\n<li style=\"text-align: justify;\"><strong><span style=\"color: #993366;\">Participarea RATEN ICN la activit\u0103\u021bile re\u021belei ALMERA (Network of Analytical Laboratories for the Measurement of Environmental Radioactivity) \u00een calitate de punct na\u021bional de contact<\/span><\/strong><\/li>\n<li style=\"text-align: justify;\"><strong><span style=\"color: #993366;\">Participarea RATEN ICN prin CNCAN la activit\u0103\u021bile re\u021belei RANET (Response Assistance Network)<\/span><\/strong><\/li>\n<\/ul>\n<hr \/>\n<h2 style=\"text-align: center;\"><span style=\"color: #000080;\"><strong>Alte colabor\u0103ri<\/strong><\/span><\/h2>\n<ul>\n<li style=\"text-align: justify;\"><strong><span style=\"color: #993366;\">Instruiri pentru bursieri IAEA (securitate nuclear\u0103, fabrica\u0163ie combustibil, reactori de cercetare, radioprotec\u021bie)<\/span><\/strong><\/li>\n<li style=\"text-align: justify;\"><strong><span style=\"color: #993366;\">Participarea la cursuri, workshopuri, instruiri tehnice<\/span><\/strong><\/li>\n<li style=\"text-align: justify;\"><strong><span style=\"color: #993366;\">Reprezentarea RATEN \u00een grupuri tehnice de lucru: Technical Working Group &#8211; Fast Reactors (TWG-FR)<\/span><\/strong><\/li>\n<\/ul>\n<p><\/p>","protected":false},"excerpt":{"rendered":"<p>CRP, RER Proiecte de cercetare coordonate (CRP) CRP Proiect de cercetare coordonat RO Proiect Rom\u00e2nia CRP J71013 Innovative Methods in Research Reactor Analysis: Benchmark against Experimental Data on Neutronics and Thermalhydraulic Computational Methods and Tools for Operation and Safety Analysis of Research reactors RO 15350 Assessment of the Computational Tools<span class=\"more-link\"><a href=\"https:\/\/www.raten.ro\/?page_id=2558\">Read More &rarr;<\/a><\/span><\/p>\n","protected":false},"author":1,"featured_media":0,"parent":0,"menu_order":0,"comment_status":"closed","ping_status":"closed","template":"","meta":{"footnotes":""},"class_list":["entry","author-wpadmin","post-2558","page","type-page","status-publish"],"_links":{"self":[{"href":"https:\/\/www.raten.ro\/index.php?rest_route=\/wp\/v2\/pages\/2558","targetHints":{"allow":["GET"]}}],"collection":[{"href":"https:\/\/www.raten.ro\/index.php?rest_route=\/wp\/v2\/pages"}],"about":[{"href":"https:\/\/www.raten.ro\/index.php?rest_route=\/wp\/v2\/types\/page"}],"author":[{"embeddable":true,"href":"https:\/\/www.raten.ro\/index.php?rest_route=\/wp\/v2\/users\/1"}],"replies":[{"embeddable":true,"href":"https:\/\/www.raten.ro\/index.php?rest_route=%2Fwp%2Fv2%2Fcomments&post=2558"}],"version-history":[{"count":0,"href":"https:\/\/www.raten.ro\/index.php?rest_route=\/wp\/v2\/pages\/2558\/revisions"}],"wp:attachment":[{"href":"https:\/\/www.raten.ro\/index.php?rest_route=%2Fwp%2Fv2%2Fmedia&parent=2558"}],"curies":[{"name":"wp","href":"https:\/\/api.w.org\/{rel}","templated":true}]}}