{"id":2213,"date":"2019-07-12T08:40:16","date_gmt":"2019-07-12T05:40:16","guid":{"rendered":"https:\/\/www.raten.ro\/?page_id=2213"},"modified":"2020-10-19T10:47:11","modified_gmt":"2020-10-19T07:47:11","slug":"istoric","status":"publish","type":"page","link":"https:\/\/www.raten.ro\/?page_id=2213","title":{"rendered":"Istoric"},"content":{"rendered":"<p><\/p>\n<p style=\"text-align: justify;\"><span style=\"padding-left: 20px; color: #000000;\">Odat\u0103 cu lansarea Programului Nuclear Na\u021bional (PNN), \u00een 1968, se definitiveaz\u0103 op\u021biunea Rom\u00e2niei asupra filierei de reactoare nucleare \u015fi a structurii acestui Program. Totodat\u0103, este \u00eenfiin\u021bat\u0103, la recomandarea unei misiuni de exper\u0163i IAEA, infrastructura aferent\u0103 sus\u0163inerii PNN: Institutul de Tehnologii Nucleare (ITN), pe Platforma Nuclear\u0103 Mioveni, \u015fi Sec\u0163ia de Proiectare Centrale \u015fi Instala\u0163ii Nucleare (PCIN), \u00een cadrul Institutului de Studii \u015fi Proiectari Energetice (ISPE).<\/span><br \/>\n<span style=\"padding-left: 20px; color: #000000;\">ITN, devenit ulterior IRNE \u015fi apoi ICN, a avut principalul rol \u00een asigurarea suportului tehnico-\u015ftiintific pentru lansarea PNN, prin dezvoltarea tehnicilor \u015fi tehnologiilor necesare fabric\u0103rii combustibilului nuclear CANDU, testarea fasciculelor experimentale \u020bn reactorul de cercetare TRIGA, evaluarea performan\u0163elor \u020bn exploatare, prin examinarea \u020bn Laboratoarele de Examinare Post-Iradiere.<\/span><br \/>\n<span style=\"padding-left: 20px; color: #000000;\">PCIN, devenit ulterior IRNE-P, ISPE-ON \u015fi CITON, i-a revenit misiunea de finaliza studiile de dezvoltare \u015fi selectie a amplasamentului primei centrale nucleare din Romania. \u00cen calitate de Proiectant General, a realizat proiectarea si activit\u0103\u0163ile de inginerie pentru Centrala Nuclearoelectric\u0103 Cernavod\u0103, tip CANDU-6, \u00een colaborare cu AECL (Canada), ANSALDO (Italia) \u015fi General Electric (SUA).<\/span><br \/>\n<span style=\"padding-left: 20px; color: #000000;\">De-a lungul anilor, ICN \u015fi CITON au contribuit la punerea \u020bn func\u0163iune a Unit\u0103\u0163ilor 1 \u015fi 2 de la CNE-Cernavod\u0103, \u00een 1996 si 2007, la furnizarea de echipamente \u015fi servicii pentru func\u0163ionarea acestora \u020bn condi\u0163ii de securitate nuclear\u0103.<\/span><br \/>\n<span style=\"padding-left: 20px; color: #000000;\">Ast\u0103zi, Regiei Autonome de Tehnologii pentru Energia Nuclear\u0103 (RATEN), prin sucursalele sale, RATEN ICN \u015fi RATEN CITON, continu\u0103 s\u0103 asigure men\u021binerea \u0219i dezvoltarea suportului \u0219tiin\u021bific \u0219i tehnologic pentru Programul Energetic Nuclear Na\u0163ional, pentru operarea \u00een condi\u021bii de siguran\u021b\u0103 a Unit\u0103\u021bilor 1 \u0219i 2 de la Cernavod\u0103, pentru men\u0163inerea competen\u0163elor \u00een vederea punerii \u00een func\u0163iune a Unit\u0103\u021bilor 3 \u0219i 4, construirea de noi centrale nucleare, promovarea pe termen mediu \u0219i lung a reactorilor avansa\u021bi de genera\u021bie IV \u015fi implementarea demonstratorului ALFRED \u00een Rom\u00e2nia, depozitarea \u00een condi\u021bii de siguran\u021b\u0103 a combustibilului ars \u0219i a de\u0219eurilor radioactive, operarea, dezvoltarea \u0219i utilizarea infrastructurii necesare pentru desf\u0103\u0219urarea programelor de cercetare &#8211; dezvoltare, educa\u021bia \u0219i preg\u0103tirea speciali\u0219tilor \u00een domeniu, precum \u0219i o cooperare interna\u021bional\u0103 sus\u021binut\u0103.<\/span><br \/>\n<span style=\"padding-left: 20px; color: #000000;\">RATEN, in calitate de persoana juridic\u0103 rom\u00e2n\u0103, aflat\u0103 sub autoritatea Ministerului Energiei, de\u0163ine:<\/span><br \/>\n<span style=\"padding-left: 20px; color: #000000;\">\u2022 pozi\u021bia de lider \u00een domeniul cercet\u0103rii dedicate energeticii nucleare \u00een Rom\u00e2nia;<\/span><br \/>\n<span style=\"padding-left: 20px; color: #000000;\">\u2022 infrastructur\u0103 de cercetare \u0219i testare unic\u0103 \u00een Rom\u00e2nia \u0219i printre pu\u021binele \u00een lume;<\/span><br \/>\n<span style=\"padding-left: 20px; color: #000000;\">\u2022 capitalul de cuno\u0219tin\u021be specifice \u0219i experien\u021b\u0103 \u00een domeniu;<\/span><br \/>\n<span style=\"padding-left: 20px; color: #000000;\">\u2022 rela\u021bii interna\u021bionale extinse.<\/span><\/p>\n<p><\/p>","protected":false},"excerpt":{"rendered":"<p>Odat\u0103 cu lansarea Programului Nuclear Na\u021bional (PNN), \u00een 1968, se definitiveaz\u0103 op\u021biunea Rom\u00e2niei asupra filierei de reactoare nucleare \u015fi a structurii acestui Program. Totodat\u0103, este \u00eenfiin\u021bat\u0103, la recomandarea unei misiuni de exper\u0163i IAEA, infrastructura aferent\u0103 sus\u0163inerii PNN: Institutul de Tehnologii Nucleare (ITN), pe Platforma Nuclear\u0103 Mioveni, \u015fi Sec\u0163ia de Proiectare<span class=\"more-link\"><a href=\"https:\/\/www.raten.ro\/?page_id=2213\">Read More &rarr;<\/a><\/span><\/p>\n","protected":false},"author":1,"featured_media":0,"parent":0,"menu_order":0,"comment_status":"closed","ping_status":"closed","template":"","meta":{"footnotes":""},"class_list":["entry","author-wpadmin","post-2213","page","type-page","status-publish"],"_links":{"self":[{"href":"https:\/\/www.raten.ro\/index.php?rest_route=\/wp\/v2\/pages\/2213","targetHints":{"allow":["GET"]}}],"collection":[{"href":"https:\/\/www.raten.ro\/index.php?rest_route=\/wp\/v2\/pages"}],"about":[{"href":"https:\/\/www.raten.ro\/index.php?rest_route=\/wp\/v2\/types\/page"}],"author":[{"embeddable":true,"href":"https:\/\/www.raten.ro\/index.php?rest_route=\/wp\/v2\/users\/1"}],"replies":[{"embeddable":true,"href":"https:\/\/www.raten.ro\/index.php?rest_route=%2Fwp%2Fv2%2Fcomments&post=2213"}],"version-history":[{"count":0,"href":"https:\/\/www.raten.ro\/index.php?rest_route=\/wp\/v2\/pages\/2213\/revisions"}],"wp:attachment":[{"href":"https:\/\/www.raten.ro\/index.php?rest_route=%2Fwp%2Fv2%2Fmedia&parent=2213"}],"curies":[{"name":"wp","href":"https:\/\/api.w.org\/{rel}","templated":true}]}}