{"id":2134,"date":"2019-07-04T10:02:29","date_gmt":"2019-07-04T07:02:29","guid":{"rendered":"https:\/\/www.raten.ro\/?page_id=2134"},"modified":"2022-01-06T13:07:02","modified_gmt":"2022-01-06T11:07:02","slug":"infrastructura-de-cercetare","status":"publish","type":"page","link":"https:\/\/www.raten.ro\/?page_id=2134","title":{"rendered":"Infrastructura de cercetare"},"content":{"rendered":"<p><\/p>\n<table style=\"width: 100%;\" border=\"0\" cellspacing=\"0\" align=\"center\">\n<tbody>\n<tr valign=\"top\">\n<td style=\"text-align: center;\" bgcolor=\"#000080\" width=\"33%\"><\/td>\n<td style=\"text-align: center;\" bgcolor=\"#000080\" width=\"33%\"><\/td>\n<td style=\"text-align: center;\" bgcolor=\"#000080\" width=\"33%\"><\/td>\n<\/tr>\n<tr valign=\"center\">\n<td style=\"text-align: center;\" width=\"33%\"><span style=\"color: #000080;\"><strong>REACTORUL DE CERCETARE<\/strong><\/span><br \/>\n<span style=\"color: #000080;\"><strong>TRIGA-ICN<\/strong><\/span><\/td>\n<td style=\"text-align: center;\" width=\"33%\"><span style=\"color: #000080;\"><strong>LABORATORUL DE EXAMINARE POST-IRADIERE (LEPI)<\/strong><\/span><\/td>\n<td style=\"text-align: center;\" width=\"33%\"><span style=\"color: #000080;\"><strong>STA\u0162IA DE TRATARE DE\u015eEURI RADIOACTIVE (STDR)<\/strong><\/span><\/td>\n<\/tr>\n<tr valign=\"top\">\n<td style=\"text-align: center;\" width=\"33%\"><a href=\"https:\/\/nuclear.ro\/reactor-triga-si-laborator-de-examinare-post-iradiere-lepi\/\" target=\"_blank\" rel=\"noopener\"><img loading=\"lazy\" decoding=\"async\" class=\"aligncenter wp-image-2147\" src=\"https:\/\/www.raten.ro\/wp-content\/uploads\/2019\/07\/TRIGA-ICN.jpg\" alt=\"\" width=\"268\" height=\"200\" srcset=\"https:\/\/www.raten.ro\/wp-content\/uploads\/2019\/07\/TRIGA-ICN.jpg 670w, https:\/\/www.raten.ro\/wp-content\/uploads\/2019\/07\/TRIGA-ICN-300x224.jpg 300w, https:\/\/www.raten.ro\/wp-content\/uploads\/2019\/07\/TRIGA-ICN-465x347.jpg 465w\" sizes=\"auto, (max-width: 268px) 100vw, 268px\" \/><\/a><\/td>\n<td style=\"text-align: center;\" width=\"33%\"><a href=\"https:\/\/nuclear.ro\/reactor-triga-si-laborator-de-examinare-post-iradiere-lepi\/\" target=\"_blank\" rel=\"noopener\"><img loading=\"lazy\" decoding=\"async\" class=\"aligncenter wp-image-2142\" src=\"https:\/\/www.raten.ro\/wp-content\/uploads\/2019\/07\/LEPI.png\" alt=\"\" width=\"266\" height=\"200\" srcset=\"https:\/\/www.raten.ro\/wp-content\/uploads\/2019\/07\/LEPI.png 666w, https:\/\/www.raten.ro\/wp-content\/uploads\/2019\/07\/LEPI-300x225.png 300w, https:\/\/www.raten.ro\/wp-content\/uploads\/2019\/07\/LEPI-465x349.png 465w\" sizes=\"auto, (max-width: 266px) 100vw, 266px\" \/><\/a><\/td>\n<td style=\"text-align: center;\" width=\"33%\"><a href=\"https:\/\/nuclear.ro\/stdr\/\" target=\"_blank\" rel=\"noopener\"><img loading=\"lazy\" decoding=\"async\" class=\"aligncenter wp-image-2145\" src=\"https:\/\/www.raten.ro\/wp-content\/uploads\/2019\/07\/STDR.jpg\" alt=\"\" width=\"188\" height=\"200\" srcset=\"https:\/\/www.raten.ro\/wp-content\/uploads\/2019\/07\/STDR.jpg 470w, https:\/\/www.raten.ro\/wp-content\/uploads\/2019\/07\/STDR-282x300.jpg 282w, https:\/\/www.raten.ro\/wp-content\/uploads\/2019\/07\/STDR-465x495.jpg 465w\" sizes=\"auto, (max-width: 188px) 100vw, 188px\" \/><\/a><\/td>\n<\/tr>\n<tr valign=\"top\">\n<td style=\"text-align: center;\" bgcolor=\"#000080\" width=\"33%\"><\/td>\n<td style=\"text-align: center;\" bgcolor=\"#000080\" width=\"33%\"><\/td>\n<td style=\"text-align: center;\" bgcolor=\"#000080\" width=\"33%\"><\/td>\n<\/tr>\n<tr valign=\"center\">\n<td style=\"text-align: center;\" width=\"33%\"><span style=\"color: #000080;\"><strong>DEPARTAMENTUL TESTARI \u00ceN AFARA REATORULUI (TAR)<\/strong><\/span><\/td>\n<td style=\"text-align: center;\" width=\"33%\"><span style=\"color: #000080;\"><strong>DEPARTAMENTUL MATERIALE NUCLEARE \u0218I COROZIUNE (MNC)<\/strong><\/span><\/td>\n<td style=\"text-align: center;\" width=\"33%\"><span style=\"color: #000080;\"><strong>LABORATORUL DE RADIOPROTEC\u021aIE, PROTEC\u021aIA MEDIULUI \u0218I PROTEC\u021aIA CIVIL\u0102<\/strong><\/span><\/td>\n<\/tr>\n<tr valign=\"top\">\n<td style=\"text-align: center;\" width=\"33%\"><a href=\"https:\/\/nuclear.ro\/tar\/\" target=\"_blank\" rel=\"noopener\"><img loading=\"lazy\" decoding=\"async\" class=\"aligncenter wp-image-2146\" src=\"https:\/\/www.raten.ro\/wp-content\/uploads\/2019\/07\/TAR.jpg\" alt=\"\" width=\"265\" height=\"200\" srcset=\"https:\/\/www.raten.ro\/wp-content\/uploads\/2019\/07\/TAR.jpg 662w, https:\/\/www.raten.ro\/wp-content\/uploads\/2019\/07\/TAR-300x227.jpg 300w, https:\/\/www.raten.ro\/wp-content\/uploads\/2019\/07\/TAR-465x351.jpg 465w\" sizes=\"auto, (max-width: 265px) 100vw, 265px\" \/><\/a><\/td>\n<td style=\"text-align: center;\" width=\"33%\"><a href=\"https:\/\/nuclear.ro\/materiale-nucleare-si-coroziune\/\" target=\"_blank\" rel=\"noopener\"><img loading=\"lazy\" decoding=\"async\" class=\"aligncenter wp-image-2151\" src=\"https:\/\/www.raten.ro\/wp-content\/uploads\/2019\/07\/MNC.jpg\" alt=\"\" width=\"280\" height=\"200\" srcset=\"https:\/\/www.raten.ro\/wp-content\/uploads\/2019\/07\/MNC.jpg 700w, https:\/\/www.raten.ro\/wp-content\/uploads\/2019\/07\/MNC-300x214.jpg 300w, https:\/\/www.raten.ro\/wp-content\/uploads\/2019\/07\/MNC-465x332.jpg 465w, https:\/\/www.raten.ro\/wp-content\/uploads\/2019\/07\/MNC-695x496.jpg 695w\" sizes=\"auto, (max-width: 280px) 100vw, 280px\" \/><\/a><\/td>\n<td style=\"text-align: center;\" width=\"33%\"><a href=\"https:\/\/nuclear.ro\/radioprotectie-protectia-mediului-si-protectie-civila\/\" target=\"_blank\" rel=\"noopener\"><img loading=\"lazy\" decoding=\"async\" class=\"aligncenter wp-image-2144\" src=\"https:\/\/www.raten.ro\/wp-content\/uploads\/2019\/07\/RADIOPROTECTIE.jpg\" alt=\"\" width=\"265\" height=\"200\" srcset=\"https:\/\/www.raten.ro\/wp-content\/uploads\/2019\/07\/RADIOPROTECTIE.jpg 663w, https:\/\/www.raten.ro\/wp-content\/uploads\/2019\/07\/RADIOPROTECTIE-300x226.jpg 300w, https:\/\/www.raten.ro\/wp-content\/uploads\/2019\/07\/RADIOPROTECTIE-465x351.jpg 465w\" sizes=\"auto, (max-width: 265px) 100vw, 265px\" \/><\/a><\/td>\n<\/tr>\n<tr valign=\"top\">\n<td style=\"text-align: center;\" bgcolor=\"#000080\" width=\"33%\"><\/td>\n<td style=\"text-align: center;\" bgcolor=\"#000080\" width=\"33%\"><\/td>\n<td style=\"text-align: center;\" bgcolor=\"#000080\" width=\"33%\"><\/td>\n<\/tr>\n<tr valign=\"center\">\n<td style=\"text-align: center;\" width=\"33%\"><span style=\"color: #000080;\"><strong>LABORATOR DE \u00ceNCERC\u0102RI PENTRU CARACTERIZAREA RADIOLOGIC\u0102 A MATERIALELOR REZULTATE DIN PRACTICI NUCLEARE (CROWN)<\/strong><\/span><\/td>\n<td style=\"text-align: center;\" width=\"33%\"><span style=\"color: #000080;\"><strong>LABORATORUL DE \u00ceNCERC\u0102RI PENTRU CARACTERIZAREA COMBUSTIBILULUI NUCLEAR UZAT \u0218I A DE\u0218EURILOR RADIOACTIVE (LABORAD)<\/strong><\/span><\/td>\n<td style=\"text-align: center;\" width=\"33%\"><span style=\"color: #000080;\"><strong>LABORATORUL<\/strong><\/span><br \/>\n<span style=\"color: #000080;\"><strong>DE ANALIZA SUPRAFE\u021aEI<\/strong><\/span><br \/>\n<span style=\"color: #000080;\"><strong>(ESCALAB)<\/strong><\/span><\/td>\n<\/tr>\n<tr valign=\"top\">\n<td style=\"text-align: center;\" width=\"33%\"><a href=\"https:\/\/nuclear.ro\/laboratoare-de-cercetare-dezvoltare-notificate-de-comisia-nationala-pentru-controlul-activitatilor-nuclearecncan\/\" target=\"_blank\" rel=\"noopener\"><img loading=\"lazy\" decoding=\"async\" class=\"aligncenter wp-image-2139\" src=\"https:\/\/www.raten.ro\/wp-content\/uploads\/2019\/07\/CROWN.jpg\" alt=\"\" width=\"266\" height=\"200\" srcset=\"https:\/\/www.raten.ro\/wp-content\/uploads\/2019\/07\/CROWN.jpg 664w, https:\/\/www.raten.ro\/wp-content\/uploads\/2019\/07\/CROWN-300x226.jpg 300w, https:\/\/www.raten.ro\/wp-content\/uploads\/2019\/07\/CROWN-465x350.jpg 465w\" sizes=\"auto, (max-width: 266px) 100vw, 266px\" \/><\/a><\/td>\n<td style=\"text-align: center;\" width=\"33%\"><a href=\"https:\/\/nuclear.ro\/laboratoare-de-cercetare-dezvoltare-notificate-de-comisia-nationala-pentru-controlul-activitatilor-nuclearecncan\/\" target=\"_blank\" rel=\"noopener\"><img loading=\"lazy\" decoding=\"async\" class=\"aligncenter wp-image-2141\" src=\"https:\/\/www.raten.ro\/wp-content\/uploads\/2019\/07\/LABORAD.jpg\" alt=\"\" width=\"267\" height=\"200\" srcset=\"https:\/\/www.raten.ro\/wp-content\/uploads\/2019\/07\/LABORAD.jpg 668w, https:\/\/www.raten.ro\/wp-content\/uploads\/2019\/07\/LABORAD-300x225.jpg 300w, https:\/\/www.raten.ro\/wp-content\/uploads\/2019\/07\/LABORAD-465x348.jpg 465w\" sizes=\"auto, (max-width: 267px) 100vw, 267px\" \/><\/a><\/td>\n<td style=\"text-align: center;\" width=\"33%\"><a href=\"https:\/\/nuclear.ro\/laboratorul-de-analiza-suprafetei\/\" target=\"_blank\" rel=\"noopener\"><img loading=\"lazy\" decoding=\"async\" class=\"aligncenter wp-image-2140\" src=\"https:\/\/www.raten.ro\/wp-content\/uploads\/2019\/07\/ESCALAB.jpg\" alt=\"\" width=\"278\" height=\"200\" srcset=\"https:\/\/www.raten.ro\/wp-content\/uploads\/2019\/07\/ESCALAB.jpg 695w, https:\/\/www.raten.ro\/wp-content\/uploads\/2019\/07\/ESCALAB-300x216.jpg 300w, https:\/\/www.raten.ro\/wp-content\/uploads\/2019\/07\/ESCALAB-465x335.jpg 465w, https:\/\/www.raten.ro\/wp-content\/uploads\/2019\/07\/ESCALAB-690x500.jpg 690w\" sizes=\"auto, (max-width: 278px) 100vw, 278px\" \/><\/a><\/td>\n<\/tr>\n<tr valign=\"top\">\n<td style=\"text-align: center;\" bgcolor=\"#000080\" width=\"33%\"><\/td>\n<td style=\"text-align: center;\" bgcolor=\"#000080\" width=\"33%\"><\/td>\n<td style=\"text-align: center;\" bgcolor=\"#000080\" width=\"33%\"><\/td>\n<\/tr>\n<\/tbody>\n<\/table>\n<p><\/p>","protected":false},"excerpt":{"rendered":"<p>REACTORUL DE CERCETARE TRIGA-ICN LABORATORUL DE EXAMINARE POST-IRADIERE (LEPI) STA\u0162IA DE TRATARE DE\u015eEURI RADIOACTIVE (STDR) DEPARTAMENTUL TESTARI \u00ceN AFARA REATORULUI (TAR) DEPARTAMENTUL MATERIALE NUCLEARE \u0218I COROZIUNE (MNC) LABORATORUL DE RADIOPROTEC\u021aIE, PROTEC\u021aIA MEDIULUI \u0218I PROTEC\u021aIA CIVIL\u0102 LABORATOR DE \u00ceNCERC\u0102RI PENTRU CARACTERIZAREA RADIOLOGIC\u0102 A MATERIALELOR REZULTATE DIN PRACTICI NUCLEARE (CROWN) LABORATORUL DE<span class=\"more-link\"><a href=\"https:\/\/www.raten.ro\/?page_id=2134\">Read More &rarr;<\/a><\/span><\/p>\n","protected":false},"author":1,"featured_media":0,"parent":0,"menu_order":0,"comment_status":"closed","ping_status":"closed","template":"","meta":{"footnotes":""},"class_list":["entry","author-wpadmin","post-2134","page","type-page","status-publish"],"_links":{"self":[{"href":"https:\/\/www.raten.ro\/index.php?rest_route=\/wp\/v2\/pages\/2134","targetHints":{"allow":["GET"]}}],"collection":[{"href":"https:\/\/www.raten.ro\/index.php?rest_route=\/wp\/v2\/pages"}],"about":[{"href":"https:\/\/www.raten.ro\/index.php?rest_route=\/wp\/v2\/types\/page"}],"author":[{"embeddable":true,"href":"https:\/\/www.raten.ro\/index.php?rest_route=\/wp\/v2\/users\/1"}],"replies":[{"embeddable":true,"href":"https:\/\/www.raten.ro\/index.php?rest_route=%2Fwp%2Fv2%2Fcomments&post=2134"}],"version-history":[{"count":0,"href":"https:\/\/www.raten.ro\/index.php?rest_route=\/wp\/v2\/pages\/2134\/revisions"}],"wp:attachment":[{"href":"https:\/\/www.raten.ro\/index.php?rest_route=%2Fwp%2Fv2%2Fmedia&parent=2134"}],"curies":[{"name":"wp","href":"https:\/\/api.w.org\/{rel}","templated":true}]}}