{"id":161,"date":"2016-04-14T13:43:44","date_gmt":"2016-04-14T11:43:44","guid":{"rendered":"http:\/\/192.168.100.238\/?page_id=161"},"modified":"2019-05-13T15:23:05","modified_gmt":"2019-05-13T12:23:05","slug":"cercetare-dezvoltare","status":"publish","type":"page","link":"https:\/\/www.raten.ro\/?page_id=161","title":{"rendered":"Cercetare &#8211; Dezvoltare"},"content":{"rendered":"<p><span style=\"padding-left: 20px;\"><strong>Programul<\/strong><strong> Anual<\/strong><strong> de Cercetare RATEN, <\/strong>privind <em>D<\/em><em>ezvoltarea suportului tehnic national \u015fi cooperarea interna\u0163ional\u0103 pentru energia nuclear\u0103<\/em>, elaborat \u00een baza OUG 144\/1999, aprobat\u0103 prin Legea 198\/2000, este sus\u0163inut de 18 Programe de cercetare, dezvoltare \u015fi inginerie tehnologic\u0103 (CDIT).<\/span><\/p>\n<p><span style=\"padding-left: 20px;\">Programele de cercetare sunt structurate pe teme de cercetare, propuse \u00een func\u0163ie de priorit\u0103\u0163ile de cercetare na\u0163ionale \u015fi interna\u0163ionale, de acordurile, conven\u0163iile \u015fi tratatele interna\u0163ionale la care Rom\u00e2nia este parte, \u00een condi\u0163iile utiliz\u0103rii \u00een scopuri pa\u015fnice a energiei nucleare \u015fi \u00een corela\u0163ie \u00a0cu obiectivele \u015fi direc\u0163iile strategice de ac\u0163iune ale <em>Strategiei de Cercetare-Dezvoltare RATEN 2015-2025<\/em>. \u00cen cadrul temelor de cercetare sunt realizate lucr\u0103rile de cercetare propriu-zise.<\/span><\/p>\n<p><img loading=\"lazy\" decoding=\"async\" class=\"aligncenter size-large wp-image-573\" src=\"http:\/\/www.raten.ro\/wp-content\/uploads\/2016\/04\/CDIT_schema-1024x403.jpg\" alt=\"CDIT_schema\" width=\"720\" height=\"283\" srcset=\"https:\/\/www.raten.ro\/wp-content\/uploads\/2016\/04\/CDIT_schema-1024x403.jpg 1024w, https:\/\/www.raten.ro\/wp-content\/uploads\/2016\/04\/CDIT_schema-300x118.jpg 300w, https:\/\/www.raten.ro\/wp-content\/uploads\/2016\/04\/CDIT_schema-768x302.jpg 768w, https:\/\/www.raten.ro\/wp-content\/uploads\/2016\/04\/CDIT_schema.jpg 1225w\" sizes=\"auto, (max-width: 720px) 100vw, 720px\" \/><\/p>\n<p><span style=\"padding-left: 20px;\">\u00a0<\/span><\/p>\n<table width=\"893\" border=\"2\">\n<tbody>\n<tr>\n<td width=\"32\">\n<p style=\"text-align: center;\"><strong>Nr.<\/strong><\/p>\n<\/td>\n<td width=\"484\">\n<p style=\"text-align: center;\"><strong>TITLUL PROGRAMULUI<\/strong><\/p>\n<\/td>\n<td width=\"377\">\n<p style=\"text-align: center;\"><strong>OBIECTIV<\/strong><\/p>\n<\/td>\n<\/tr>\n<tr>\n<td width=\"32\"><strong><a href=\"http:\/\/www.nuclear.ro\/ro\/programe_cercetare\/program_1.php\" target=\"_blank\" rel=\"noopener noreferrer\">P1<\/a><\/strong><\/td>\n<td width=\"484\">Securitate nuclear\u0103<\/td>\n<td rowspan=\"11\" width=\"377\">&nbsp;<\/p>\n<p>&nbsp;<\/p>\n<p>&nbsp;<\/p>\n<p style=\"text-align: center;\">Asigurarea suportul tehnico-stiintific CNE, extinderii timpului de viata la Unit\u0103tile U1+U2, contribu\u0163ii la punerea \u00een func\u0163iune a Unit\u0103\u0163ilor\u00a0 U3+U4.<\/p>\n<p style=\"text-align: center;\">Implementarea Strategiei Nationale Securitate (CNCAN) si a Managementului De\u015feurilor radioactive (ANDR)<\/p>\n<\/td>\n<\/tr>\n<tr>\n<td width=\"32\"><strong><a href=\"http:\/\/www.nuclear.ro\/ro\/programe_cercetare\/program_2.php\" target=\"_blank\" rel=\"noopener noreferrer\">P2<\/a><\/strong><\/td>\n<td width=\"484\">Canalul de combustibil<\/td>\n<\/tr>\n<tr>\n<td width=\"32\"><strong><a href=\"http:\/\/www.nuclear.ro\/ro\/programe_cercetare\/program_3.php\" target=\"_blank\" rel=\"noopener noreferrer\">P3<\/a><\/strong><\/td>\n<td width=\"484\">Combustibili nucleari<\/td>\n<\/tr>\n<tr>\n<td width=\"32\"><strong><a href=\"http:\/\/www.nuclear.ro\/ro\/programe_cercetare\/program_4.php\" target=\"_blank\" rel=\"noopener noreferrer\">P4<\/a><\/strong><\/td>\n<td width=\"484\">Sistemul de manevrare combustibili<\/td>\n<\/tr>\n<tr>\n<td width=\"32\"><strong><a href=\"http:\/\/www.nuclear.ro\/ro\/programe_cercetare\/program_5.php\" target=\"_blank\" rel=\"noopener noreferrer\">P5<\/a><\/strong><\/td>\n<td width=\"484\">Gestionare de\u015feuri dadioactive \u015fi dombustibil ars \u00een condi\u0163ii de Securitate Nuclear\u0103<\/td>\n<\/tr>\n<tr>\n<td width=\"32\"><strong><a href=\"http:\/\/www.nuclear.ro\/ro\/programe_cercetare\/program_6.php\" target=\"_blank\" rel=\"noopener noreferrer\">P6<\/a><\/strong><\/td>\n<td width=\"484\">Protec\u0163ia mediului<\/td>\n<\/tr>\n<tr>\n<td width=\"32\"><strong><a href=\"http:\/\/www.nuclear.ro\/ro\/programe_cercetare\/program_7.php\" target=\"_blank\" rel=\"noopener noreferrer\">P7<\/a><\/strong><\/td>\n<td width=\"484\">Generator de abur<\/td>\n<\/tr>\n<tr>\n<td width=\"32\"><strong><a href=\"http:\/\/www.nuclear.ro\/ro\/programe_cercetare\/program_8.php\" target=\"_blank\" rel=\"noopener noreferrer\">P8<\/a><\/strong><\/td>\n<td width=\"484\">Sisteme de proces \u015fi echipamente<\/td>\n<\/tr>\n<tr>\n<td width=\"32\"><strong><a href=\"http:\/\/www.nuclear.ro\/ro\/programe_cercetare\/program_9.php\" target=\"_blank\" rel=\"noopener noreferrer\">P9<\/a><\/strong><\/td>\n<td width=\"484\">Chimie circuite<\/td>\n<\/tr>\n<tr>\n<td width=\"32\"><strong><a href=\"http:\/\/www.nuclear.ro\/ro\/programe_cercetare\/program_10.php\" target=\"_blank\" rel=\"noopener noreferrer\">P10<\/a><\/strong><\/td>\n<td width=\"484\">Instrumenta\u0163ie \u015fi control<\/td>\n<\/tr>\n<tr>\n<td width=\"32\"><strong><a href=\"http:\/\/www.nuclear.ro\/ro\/programe_cercetare\/program_11.php\" target=\"_blank\" rel=\"noopener noreferrer\">P11<\/a><\/strong><\/td>\n<td width=\"484\">Analiz\u0103 evenimente de exploatare CNE, \u00eemb\u0103tr\u00e2nire, calificare la mediu \u015fi cre\u015fterea duratei de exploatare a CNE<\/td>\n<\/tr>\n<tr>\n<td width=\"32\"><strong><a href=\"http:\/\/www.nuclear.ro\/ro\/programe_cercetare\/program_12.php\" target=\"_blank\" rel=\"noopener noreferrer\">P12<\/a><\/strong><\/td>\n<td width=\"484\">Reactori avansa\u0163i \u015fi cicluri de combustibil<\/td>\n<td width=\"377\">\n<p style=\"text-align: center;\">Dezvoltarea filierelor\u00a0de reactorii rapizi, Gen IV<\/p>\n<\/td>\n<\/tr>\n<tr>\n<td width=\"32\"><strong><a href=\"http:\/\/www.nuclear.ro\/ro\/programe_cercetare\/program_13.php\" target=\"_blank\" rel=\"noopener noreferrer\">P13<\/a><\/strong><\/td>\n<td width=\"484\">Asigurarea \u015fi cre\u015fterea performan\u0163elor reactorului TRIGA-ICN<\/td>\n<td rowspan=\"2\" width=\"377\">\n<p style=\"text-align: center;\">Iradierea materialelor nucleare , examinare post-iradiere, dezvoltarea de noi tehnologii<\/p>\n<\/td>\n<\/tr>\n<tr>\n<td width=\"32\"><strong><a href=\"http:\/\/www.nuclear.ro\/ro\/programe_cercetare\/program_14.php\" target=\"_blank\" rel=\"noopener noreferrer\">P14<\/a><\/strong><\/td>\n<td width=\"484\">Tehnologii de iradiere \u015fi radioizotopi<\/td>\n<\/tr>\n<tr>\n<td width=\"32\"><strong><a href=\"http:\/\/www.nuclear.ro\/ro\/programe_cercetare\/program_15.php\" target=\"_blank\" rel=\"noopener noreferrer\">P15<\/a><\/strong><\/td>\n<td width=\"484\">Informatizare activit\u0103\u0163i nucleare<\/td>\n<td rowspan=\"3\" width=\"377\">&nbsp;<\/p>\n<p style=\"text-align: center;\">Programe suport<\/p>\n<\/td>\n<\/tr>\n<tr>\n<td width=\"32\"><strong><a href=\"http:\/\/www.nuclear.ro\/ro\/programe_cercetare\/program_16.php\" target=\"_blank\" rel=\"noopener noreferrer\">P16<\/a><\/strong><\/td>\n<td width=\"484\">Ap\u0103 grea \u015fi tritiu<\/td>\n<\/tr>\n<tr>\n<td width=\"32\"><strong><a href=\"http:\/\/www.nuclear.ro\/ro\/programe_cercetare\/program_17.php\" target=\"_blank\" rel=\"noopener noreferrer\">P17<\/a><\/strong><\/td>\n<td width=\"484\">Aplica\u0163ii ale tehnicilor nucleare<\/td>\n<\/tr>\n<tr>\n<td width=\"32\"><strong><a href=\"http:\/\/www.nuclear.ro\/ro\/programe_cercetare\/program_18.php\" target=\"_blank\" rel=\"noopener noreferrer\">P18<\/a><\/strong><\/td>\n<td width=\"484\">Cooperare international\u0103<\/td>\n<td width=\"377\">\n<p style=\"text-align: center;\">Asigurarea responsabilit\u0103tilor asumate in Proiectele de cooperare \u015fi colaborare Interna\u0163ionala<\/p>\n<\/td>\n<\/tr>\n<\/tbody>\n<\/table>\n<p><\/p>","protected":false},"excerpt":{"rendered":"<p>Programul Anual de Cercetare RATEN, privind Dezvoltarea suportului tehnic national \u015fi cooperarea interna\u0163ional\u0103 pentru energia nuclear\u0103, elaborat \u00een baza OUG 144\/1999, aprobat\u0103 prin Legea 198\/2000, este sus\u0163inut de 18 Programe de cercetare, dezvoltare \u015fi inginerie tehnologic\u0103 (CDIT). Programele de cercetare sunt structurate pe teme de cercetare, propuse \u00een func\u0163ie de<span class=\"more-link\"><a href=\"https:\/\/www.raten.ro\/?page_id=161\">Read More &rarr;<\/a><\/span><\/p>\n","protected":false},"author":1,"featured_media":0,"parent":0,"menu_order":0,"comment_status":"closed","ping_status":"closed","template":"","meta":{"footnotes":""},"class_list":["entry","author-wpadmin","post-161","page","type-page","status-publish"],"_links":{"self":[{"href":"https:\/\/www.raten.ro\/index.php?rest_route=\/wp\/v2\/pages\/161","targetHints":{"allow":["GET"]}}],"collection":[{"href":"https:\/\/www.raten.ro\/index.php?rest_route=\/wp\/v2\/pages"}],"about":[{"href":"https:\/\/www.raten.ro\/index.php?rest_route=\/wp\/v2\/types\/page"}],"author":[{"embeddable":true,"href":"https:\/\/www.raten.ro\/index.php?rest_route=\/wp\/v2\/users\/1"}],"replies":[{"embeddable":true,"href":"https:\/\/www.raten.ro\/index.php?rest_route=%2Fwp%2Fv2%2Fcomments&post=161"}],"version-history":[{"count":0,"href":"https:\/\/www.raten.ro\/index.php?rest_route=\/wp\/v2\/pages\/161\/revisions"}],"wp:attachment":[{"href":"https:\/\/www.raten.ro\/index.php?rest_route=%2Fwp%2Fv2%2Fmedia&parent=161"}],"curies":[{"name":"wp","href":"https:\/\/api.w.org\/{rel}","templated":true}]}}