{"id":1582,"date":"2018-06-11T13:40:44","date_gmt":"2018-06-11T10:40:44","guid":{"rendered":"https:\/\/www.raten.ro\/?page_id=1582"},"modified":"2019-02-07T08:16:58","modified_gmt":"2019-02-07T06:16:58","slug":"politica-de-confidentialitate","status":"publish","type":"page","link":"https:\/\/www.raten.ro\/?page_id=1582","title":{"rendered":"Politica de confiden\u021bialitate"},"content":{"rendered":"<p><strong>POLITICA DE CONFIDEN\u0162IALITATE \u015eI DE SECURITATE A PRELUCR\u0102RII DATELOR CU CARACTER PERSONAL A RATEN<\/strong><\/p>\n<p>RATEN\u00a0respect\u0103 prevederile Regulamentului General de Protec\u0163ie a Datelor (UE) nr. 679\/ 2016 \u2013 RGPD sau Regulamentul, privind protec\u0163ia persoanelor fizice \u00een ceea ce prive\u015fte prelucrarea datelor cu caracter personal \u015fi libera circula\u0163ie a acestor date.<\/p>","protected":false},"excerpt":{"rendered":"<p>POLITICA DE CONFIDEN\u0162IALITATE \u015eI DE SECURITATE A PRELUCR\u0102RII DATELOR CU CARACTER PERSONAL A RATEN RATEN\u00a0respect\u0103 prevederile Regulamentului General de Protec\u0163ie a Datelor (UE) nr. 679\/ 2016 \u2013 RGPD sau Regulamentul, privind protec\u0163ia persoanelor fizice \u00een ceea ce prive\u015fte prelucrarea datelor cu caracter personal \u015fi libera circula\u0163ie a acestor date.<span class=\"more-link\"><a href=\"https:\/\/www.raten.ro\/?page_id=1582\">Read More &rarr;<\/a><\/span><\/p>\n","protected":false},"author":1,"featured_media":0,"parent":0,"menu_order":0,"comment_status":"closed","ping_status":"closed","template":"","meta":{"footnotes":""},"class_list":["entry","author-wpadmin","post-1582","page","type-page","status-publish"],"_links":{"self":[{"href":"https:\/\/www.raten.ro\/index.php?rest_route=\/wp\/v2\/pages\/1582","targetHints":{"allow":["GET"]}}],"collection":[{"href":"https:\/\/www.raten.ro\/index.php?rest_route=\/wp\/v2\/pages"}],"about":[{"href":"https:\/\/www.raten.ro\/index.php?rest_route=\/wp\/v2\/types\/page"}],"author":[{"embeddable":true,"href":"https:\/\/www.raten.ro\/index.php?rest_route=\/wp\/v2\/users\/1"}],"replies":[{"embeddable":true,"href":"https:\/\/www.raten.ro\/index.php?rest_route=%2Fwp%2Fv2%2Fcomments&post=1582"}],"version-history":[{"count":0,"href":"https:\/\/www.raten.ro\/index.php?rest_route=\/wp\/v2\/pages\/1582\/revisions"}],"wp:attachment":[{"href":"https:\/\/www.raten.ro\/index.php?rest_route=%2Fwp%2Fv2%2Fmedia&parent=1582"}],"curies":[{"name":"wp","href":"https:\/\/api.w.org\/{rel}","templated":true}]}}