{"id":1560,"date":"2018-05-17T13:00:50","date_gmt":"2018-05-17T10:00:50","guid":{"rendered":"https:\/\/www.raten.ro\/?page_id=1560"},"modified":"2018-09-20T11:22:16","modified_gmt":"2018-09-20T08:22:16","slug":"manifestari-stiintifice-2018","status":"publish","type":"page","link":"https:\/\/www.raten.ro\/?page_id=1560","title":{"rendered":"Manifest\u0103ri \u0219tiin\u021bifice 2018"},"content":{"rendered":"<p><\/p>\n<p style=\"text-align: left;\"><div class=\"table-responsive\"><table  style=\"width:100%; \"  class=\"easy-table easy-table-default \" >\n<tbody>\r\n<tr><td  style=\"width:80px;text-align:center\" ><strong>17-21 Septembrie<\/strong><\/td>\n<td  style=\"width:670px;text-align:justify\" >Delega\u0163ia RATEN, reprezentat\u0103 de Directorul General RATEN \u015fi conducerile RATEN ICN \u015fi RATEN CITON, particip\u0103 la cea de a 62-a Sesiune Anual\u0103 a Conferin\u021bei Generale a Agen\u0163iei Interna\u0163ionale de Energie Atomic\u0103, precum \u015fi la Forumul Stiin\u0163ific, organizat cu acest prilej, intitulat \u201e<strong>Nuclear Technology for Climate: Mitigation, Monitoring and Adaptation<\/strong>\u201d, la sediul s\u0103u din Viena.<br \/><a href=\"https:\/\/www.raten.ro\/wp-content\/uploads\/2018\/09\/2018_Conf_IAEA_1.jpg\" target=\"_blank\" rel=\"noopener\"><img loading=\"lazy\" decoding=\"async\" class=\"aligncenter wp-image-1639\" src=\"https:\/\/www.raten.ro\/wp-content\/uploads\/2018\/09\/2018_Conf_IAEA_1-150x150.jpg\" alt=\"\" width=\"400\" height=\"300\" srcset=\"https:\/\/www.raten.ro\/wp-content\/uploads\/2018\/09\/2018_Conf_IAEA_1-300x225.jpg 300w, https:\/\/www.raten.ro\/wp-content\/uploads\/2018\/09\/2018_Conf_IAEA_1-768x576.jpg 768w, https:\/\/www.raten.ro\/wp-content\/uploads\/2018\/09\/2018_Conf_IAEA_1.jpg 1024w\" sizes=\"auto, (max-width: 400px) 100vw, 400px\" \/><\/a><a href=\"https:\/\/www.raten.ro\/wp-content\/uploads\/2018\/09\/2018_Conf_IAEA_2.jpg\" target=\"_blank\" rel=\"noopener\"><img loading=\"lazy\" decoding=\"async\" class=\"wp-image-1640 aligncenter\" src=\"https:\/\/www.raten.ro\/wp-content\/uploads\/2018\/09\/2018_Conf_IAEA_2-150x150.jpg\" alt=\"\" width=\"400\" height=\"300\" srcset=\"https:\/\/www.raten.ro\/wp-content\/uploads\/2018\/09\/2018_Conf_IAEA_2-300x225.jpg 300w, https:\/\/www.raten.ro\/wp-content\/uploads\/2018\/09\/2018_Conf_IAEA_2-768x576.jpg 768w, https:\/\/www.raten.ro\/wp-content\/uploads\/2018\/09\/2018_Conf_IAEA_2.jpg 1024w\" sizes=\"auto, (max-width: 400px) 100vw, 400px\" \/><\/a><\/td>\n<\/tr>\n\r\n<tr><td  style=\"text-align:center\" ><img decoding=\"async\" src=\"http:\/\/www.raten.ro\/images\/etson_2018.jpg\" alt=\"\" width=\"150\" border=\"0\" \/><\/td>\n<td  style=\"text-align:justify\" ><strong>3-7 Septembrie 2018<\/strong><br \/><strong>RATEN ICN<\/strong> organizeaza \u015fi g\u0103zduieste, sub egida ETSON Junior Staff Programme (EJSP), Workshop-ul \u201cRadioactive waste management, environmental protection and decommissioning\u201d, la sediul din Mioveni.<br \/>La seminar au participat speciali\u015fti din strainate reprezint\u00e2nd organiza\u0163ii suport tehnic de securitate nuclear\u0103 din 10 \u0163\u0103ri (Fran\u0163a, Italia, Belgia, Germania, Finlanda, Marea Britanie, Cehia, Slovenia, Lituania, Federatia Rusa), c\u0103rora li s-au al\u0103turat tineri speciali\u015fti din RATEN ICN. Prezentarile si discutiile au abordate tematici precum Managementul deseurilor radioactive, Stocare si depozitare, Transportul materialelor radioactive, si aspecte privind Decomisionarea instalatiilor nucleare.<br \/><a href=\"http:\/\/www.etson.eu\/jsp\" target=\"_blank\" rel=\"noopener noreferrer\">http:\/\/www.etson.eu\/jsp<\/a><br \/><a href=\"https:\/\/www.raten.ro\/wp-content\/uploads\/2018\/09\/ETSON_jsp2018_1.jpg\" target=\"_blank\" rel=\"noopener\"><img loading=\"lazy\" decoding=\"async\" class=\"aligncenter wp-image-1633\" src=\"https:\/\/www.raten.ro\/wp-content\/uploads\/2018\/09\/ETSON_jsp2018_1-150x150.jpg\" alt=\"\" width=\"489\" height=\"300\" srcset=\"https:\/\/www.raten.ro\/wp-content\/uploads\/2018\/09\/ETSON_jsp2018_1-300x184.jpg 300w, https:\/\/www.raten.ro\/wp-content\/uploads\/2018\/09\/ETSON_jsp2018_1-768x471.jpg 768w, https:\/\/www.raten.ro\/wp-content\/uploads\/2018\/09\/ETSON_jsp2018_1-1024x628.jpg 1024w\" sizes=\"auto, (max-width: 489px) 100vw, 489px\" \/><\/a><\/td>\n<\/tr>\n\r\n<tr><td  style=\"text-align:center\" ><img decoding=\"async\" src=\"http:\/\/www.raten.ro\/images\/foren_2018.jpg\" alt=\"\" width=\"150\" border=\"0\" \/><\/td>\n<td  style=\"text-align:justify\" ><strong>10-14 Iunie 2018<\/strong><br \/><strong>RATEN<\/strong> particip\u0103 la cea de-a 14-a edi\u021bie a Forumului Regional al Energiei pentru Europa Central\u0103 \u0219i de Est \u2013 FOREN 2018, cu tema: \u201eCentral and Eastern Europe \u00een the New Era of Energy Transition: Challenges, Investment Opportunity and Technological Innovations\u201d, organizat de Comitetul National Roman al Consiliului Mondial al Energiei, CNR-CME, la Costine\u015fti, Romania. RATEN este responsabilul organizator al Sec\u021biunii Energia Nuclear\u0103.<br \/><a href=\"http:\/\/www.cnr-cme.ro\/foren2018\/\" target=\"_blank\" rel=\"noopener noreferrer\">http:\/\/www.cnr-cme.ro\/foren2018\/<\/a><\/td>\n<\/tr>\n\r\n<tr><td  style=\"text-align:center\" ><img decoding=\"async\" src=\"http:\/\/www.raten.ro\/images\/nuclear_2018.jpg\" alt=\"\" width=\"150\" border=\"0\" \/><\/td>\n<td  style=\"text-align:justify\" ><strong>23-25 Mai 2018<\/strong><br \/><strong>RATEN ICN<\/strong> organizeaza<em> A 11-a Conferin\u021b\u0103 Interna\u021bional\u0103 Anual\u0103 privind Dezvoltarea Durabil\u0103 prin Cercetare Nuclear\u0103 \u0219i Educa\u021bie, Nuclear 2018<\/em> la sediul s\u0103u din Mioveni.<br \/><a href=\"https:\/\/www.nuclear.ro\/conference\/nuclear%202018\/N2018_afis.php\" target=\"_blank\" rel=\"noopener noreferrer\">https:\/\/www.nuclear.ro\/conference\/nuclear%202018\/N2018_afis.php<\/a><br \/><a href=\"https:\/\/www.nuclear.ro\/conference\/nuclear%202018\/N2018_Conference_Preliminary_Program_.pdf\" target=\"_blank\" rel=\"noopener noreferrer\">https:\/\/www.nuclear.ro\/conference\/nuclear%202018\/N2018_Conference_Preliminary_Program_.pdf<\/a><\/td>\n<\/tr>\n<\/tbody><\/table><\/div><\/p>\n<p><\/p>","protected":false},"excerpt":{"rendered":"<p><span class=\"more-link\"><a href=\"https:\/\/www.raten.ro\/?page_id=1560\">Read More &rarr;<\/a><\/span><\/p>\n","protected":false},"author":1,"featured_media":0,"parent":0,"menu_order":0,"comment_status":"closed","ping_status":"closed","template":"","meta":{"footnotes":""},"class_list":["entry","author-wpadmin","post-1560","page","type-page","status-publish"],"_links":{"self":[{"href":"https:\/\/www.raten.ro\/index.php?rest_route=\/wp\/v2\/pages\/1560","targetHints":{"allow":["GET"]}}],"collection":[{"href":"https:\/\/www.raten.ro\/index.php?rest_route=\/wp\/v2\/pages"}],"about":[{"href":"https:\/\/www.raten.ro\/index.php?rest_route=\/wp\/v2\/types\/page"}],"author":[{"embeddable":true,"href":"https:\/\/www.raten.ro\/index.php?rest_route=\/wp\/v2\/users\/1"}],"replies":[{"embeddable":true,"href":"https:\/\/www.raten.ro\/index.php?rest_route=%2Fwp%2Fv2%2Fcomments&post=1560"}],"version-history":[{"count":0,"href":"https:\/\/www.raten.ro\/index.php?rest_route=\/wp\/v2\/pages\/1560\/revisions"}],"wp:attachment":[{"href":"https:\/\/www.raten.ro\/index.php?rest_route=%2Fwp%2Fv2%2Fmedia&parent=1560"}],"curies":[{"name":"wp","href":"https:\/\/api.w.org\/{rel}","templated":true}]}}