{"id":123,"date":"2016-03-22T11:40:20","date_gmt":"2016-03-22T10:40:20","guid":{"rendered":"http:\/\/192.168.100.238\/?page_id=123"},"modified":"2017-05-18T14:56:50","modified_gmt":"2017-05-18T11:56:50","slug":"manifestari-stiintifice-2016","status":"publish","type":"page","link":"https:\/\/www.raten.ro\/?page_id=123","title":{"rendered":"Manifest\u0103ri \u0219tiin\u021bifice 2016"},"content":{"rendered":"<p><div class=\"table-responsive\"><table  style=\"width:100%; \"  class=\"easy-table easy-table-default \" >\n<tbody>\r\n<tr><td  style=\"width:80px;text-align:center\" ><img decoding=\"async\" src=\"http:\/\/www.raten.ro\/images\/ARCADIA_2016.jpg\" alt=\"\" width=\"150\" border=\"0\" \/><\/td>\n<td  style=\"width:670px;text-align:justify\" ><strong>13-14 Septembrie 2016<\/strong><br \/><strong>RATEN ICN<\/strong>\u00a0organizeaza Conferinta Interna\u0163ional\u0103 Long-term National and Regional Benefits of ALFRED Construction in Rom\u00e2nia, sub auspiciul Proiectului European FP7 ARCADIA la sediul s\u0103u din Mioveni.<br \/><a href=\"http:\/\/www.nuclear.ro\/diverse\/ARCADIA_flyertentative_agenda_v2.pdf\" target=\"_blank\" rel=\"noopener noreferrer\">http:\/\/www.nuclear.ro\/diverse\/ARCADIA_flyertentative_agenda_v2.pdf<\/a><br \/><a href=\"http:\/\/www.nuclear.ro\/diverse\/Program_cuPag1_07sep.pdf\" target=\"_blank\" rel=\"noopener noreferrer\">http:\/\/www.nuclear.ro\/diverse\/Program_cuPag1_07sep.pdf<\/a><\/td>\n<\/tr>\n\r\n<tr><td  style=\"text-align:center\" ><img decoding=\"async\" src=\"http:\/\/www.raten.ro\/images\/foren_2016.jpg\" alt=\"\" width=\"150\" border=\"0\" \/><\/td>\n<td  style=\"text-align:justify\" ><strong>12-16 Iunie 2016<\/strong><br \/><strong>RATEN<\/strong> participa la Forumul Energiei pentru Europa Centrala si de Est \u2013 FOREN 2016, organizat de Comitetul National Roman al Consiliului Mondial al Energiei, CNR-CME, la Costinesti, Romania.<br \/><a href=\"http:\/\/www.cnr-cme.ro\/foren2016\/news.html\" target=\"_blank\" rel=\"noopener noreferrer\">http:\/\/www.cnr-cme.ro\/foren2016\/news.html<\/a><br \/>Tema manifest\u0103rii FOREN 2016 s-a axat pe principalele provoc\u0103ri si oportunit\u0103\u021bi din domeniul energetic, pentru dezvoltarea sigura si durabila in regiune.<br \/>In calitate de organizator RATEN a sus\u021binut buna desf\u0103\u0219urare a Sec\u021biunii Energia Nuclear. Speciali\u0219tii, cercet\u0103torii si tinerii din RATEN au sus\u021binut lucr\u0103ri la sesiunile orale \u0219i postere ale Sec\u021biunii. In semn de recunoa\u0219tere si apreciere a rezultatelor \u0219tiin\u021bifice ob\u021binute, autori din RATEN ICN si RATEN CITON au fost r\u0103spl\u0103ti\u021bi cu premii.<br \/><a href=\"http:\/\/www.raten.ro\/wp-content\/uploads\/2016\/03\/FOREN-2016.jpg\" target=\"_blank\" rel=\"attachment wp-att-895 noopener noreferrer\"><img loading=\"lazy\" decoding=\"async\" class=\"aligncenter wp-image-895\" src=\"http:\/\/www.raten.ro\/wp-content\/uploads\/2016\/03\/FOREN-2016-1024x576.jpg\" alt=\"FOREN 2016\" width=\"464\" height=\"261\" srcset=\"https:\/\/www.raten.ro\/wp-content\/uploads\/2016\/03\/FOREN-2016-1024x576.jpg 1024w, https:\/\/www.raten.ro\/wp-content\/uploads\/2016\/03\/FOREN-2016-300x169.jpg 300w, https:\/\/www.raten.ro\/wp-content\/uploads\/2016\/03\/FOREN-2016-768x432.jpg 768w\" sizes=\"auto, (max-width: 464px) 100vw, 464px\" \/><\/a><\/td>\n<\/tr>\n\r\n<tr><td  style=\"text-align:center\" ><img decoding=\"async\" src=\"http:\/\/www.raten.ro\/images\/ricomet_2016.jpg\" alt=\"\" width=\"150\" border=\"0\" \/><\/td>\n<td  style=\"text-align:justify\" ><strong>1-3 Iunie 2016<\/strong><br \/><strong>RATEN ICN<\/strong> organizeaza Conferinta RICOMET 2016 (Risk Perception, Communication and Ethics of Exposures to ionizing Radiation), sub auspiciul Proiectelor Europene EAGLE, OPERRA, CONCERT si PLATENSO, la Bucuresti.<br \/><a href=\"http:\/\/ricomet2016.sckcen.be\/en\/News\/Announcement_RICOMET2016\" target=\"_blank\" rel=\"noopener noreferrer\">http:\/\/ricomet2016.sckcen.be\/en\/News\/Announcement_RICOMET2016<\/a><\/td>\n<\/tr>\n\r\n<tr><td  style=\"text-align:center\" ><img decoding=\"async\" src=\"http:\/\/www.raten.ro\/images\/nuclear_2016.jpg\" alt=\"\" width=\"150\" border=\"0\" \/><\/td>\n<td  style=\"text-align:justify\" ><strong>18-20 Mai 2016<\/strong><br \/><strong>RATEN ICN<\/strong> organizeaza A 9-a Conferin\u021b\u0103 Interna\u021bional\u0103 Anual\u0103 privind Dezvoltarea Durabil\u0103 prin Cercetare Nuclear\u0103 \u0219i Educa\u021bie, Nuclear 2017 la sediul s\u0103u din Mioveni<br \/><a href=\"http:\/\/nuclear.ro\/conference\/nuclear%202016\/N2016_Announcement.pdf\" target=\"_blank\" rel=\"noopener noreferrer\">http:\/\/nuclear.ro\/conference\/nuclear%202016\/N2016_Announcement.pdf<\/a><\/td>\n<\/tr>\n\r\n<tr><td  style=\"text-align:center\" ><img loading=\"lazy\" decoding=\"async\" src=\"http:\/\/www.raten.ro\/images\/joprad_2016.jpg\" alt=\"\" width=\"70\" height=\"50\" border=\"0\" \/><\/td>\n<td  style=\"text-align:justify\" ><strong>3-4 Februarie 2016<\/strong><br \/><strong>RATEN ICN<\/strong> organizeaza Meetingul Regional al Proiectului H2020 JOPRAD (Towards a Joint Programming on Radioactive Waste Disposal) la Bucuresti.<br \/><a href=\"http:\/\/www.joprad.eu\/news-events\/news\/joprad-regional-meeting.html\" target=\"_blank\" rel=\"noopener noreferrer\">http:\/\/www.joprad.eu\/news-events\/news\/joprad-regional-meeting.html<\/a><\/td>\n<\/tr>\n<\/tbody><\/table><\/div><\/p>","protected":false},"excerpt":{"rendered":"<p><span class=\"more-link\"><a href=\"https:\/\/www.raten.ro\/?page_id=123\">Read More &rarr;<\/a><\/span><\/p>\n","protected":false},"author":1,"featured_media":0,"parent":0,"menu_order":0,"comment_status":"closed","ping_status":"closed","template":"","meta":{"footnotes":""},"class_list":["entry","author-wpadmin","post-123","page","type-page","status-publish"],"_links":{"self":[{"href":"https:\/\/www.raten.ro\/index.php?rest_route=\/wp\/v2\/pages\/123","targetHints":{"allow":["GET"]}}],"collection":[{"href":"https:\/\/www.raten.ro\/index.php?rest_route=\/wp\/v2\/pages"}],"about":[{"href":"https:\/\/www.raten.ro\/index.php?rest_route=\/wp\/v2\/types\/page"}],"author":[{"embeddable":true,"href":"https:\/\/www.raten.ro\/index.php?rest_route=\/wp\/v2\/users\/1"}],"replies":[{"embeddable":true,"href":"https:\/\/www.raten.ro\/index.php?rest_route=%2Fwp%2Fv2%2Fcomments&post=123"}],"version-history":[{"count":0,"href":"https:\/\/www.raten.ro\/index.php?rest_route=\/wp\/v2\/pages\/123\/revisions"}],"wp:attachment":[{"href":"https:\/\/www.raten.ro\/index.php?rest_route=%2Fwp%2Fv2%2Fmedia&parent=123"}],"curies":[{"name":"wp","href":"https:\/\/api.w.org\/{rel}","templated":true}]}}