{"id":1189,"date":"2017-03-06T14:38:24","date_gmt":"2017-03-06T12:38:24","guid":{"rendered":"https:\/\/www.raten.ro\/?page_id=1189"},"modified":"2017-07-05T08:06:43","modified_gmt":"2017-07-05T05:06:43","slug":"manifestari-stiintifice-2017","status":"publish","type":"page","link":"https:\/\/www.raten.ro\/?page_id=1189","title":{"rendered":"Manifest\u0103ri \u0219tiin\u021bifice 2017"},"content":{"rendered":"<p><\/p>\n<p style=\"text-align: left;\"><div class=\"table-responsive\"><table  style=\"width:100%; \"  class=\"easy-table easy-table-default \" >\n<tbody>\r\n<tr><td  style=\"width:80px;text-align:center\" ><img decoding=\"async\" src=\"http:\/\/www.raten.ro\/images\/RATEN_ICN.jpg\" alt=\"\" width=\"150\" border=\"0\" \/><\/td>\n<td  style=\"width:670px;text-align:justify\" ><strong>10-14 Iulie 2017<\/strong><br \/><strong>RATEN ICN g\u0103zduie\u015fte cursul na\u0163ional <em>Evaluarea periodic\u0103 a securit\u0103\u0163ii nucleare \u2013 standarde si bune practici \u2013 inclusiv pentru reactoarele de cercetare<\/em>, organizat de CNCAN, \u00een colaborare cu IAEA Viena, \u00een cadrul proiectului na\u0163ional ROM\/0\/008, <em>Dezvoltarea in continuare a capabilit\u0103\u021bilor autorit\u0103\u021bii de reglementare \u00een domeniul nuclear.<\/em><\/td>\n<\/tr>\n\r\n<tr><td  style=\"text-align:center\" ><img decoding=\"async\" src=\"http:\/\/www.raten.ro\/images\/nuclear_2017.jpg\" alt=\"\" width=\"150\" border=\"0\" \/><\/td>\n<td  style=\"text-align:justify\" ><strong>24-26 Mai 2017<\/strong><br \/><strong>RATEN ICN<\/strong> organizeaza<em> A 10-a Conferin\u021b\u0103 Interna\u021bional\u0103 Anual\u0103 privind Dezvoltarea Durabil\u0103 prin Cercetare Nuclear\u0103 \u0219i Educa\u021bie, Nuclear 2017<\/em> la sediul s\u0103u din Mioveni.<br \/><a href=\"https:\/\/www.nuclear.ro\/conference\/nuclear%202017\/Nuclear%202017_Second%20announcement%20_May%208.pdf\" target=\"_blank\" rel=\"noopener noreferrer\">https:\/\/www.nuclear.ro\/conference\/nuclear%202017\/Nuclear%202017_Second%20announcement%20_May%208.pdf<\/a><\/td>\n<\/tr>\n\r\n<tr><td  style=\"text-align:center\" ><img decoding=\"async\" src=\"http:\/\/www.raten.ro\/images\/RATEN_ICN.jpg\" alt=\"\" width=\"150\" border=\"0\" \/><\/td>\n<td  style=\"text-align:justify\" ><strong>13-24 Martie 2017<\/strong><br \/><strong>RATEN ICN<\/strong>\u00a0g\u0103zduie\u015fte \u015fi organizeaz\u0103 cursul regional <em>Evaluation of Cost-Effective Energy Technologies, including Nuclear Power, as National Determined Contributions to Climate Change Mitigation<\/em>, \u00een cadrul proiectului technic IAEA Viena RER\/2\/013.<\/td>\n<\/tr>\n<\/tbody><\/table><\/div><\/strong><\/p>\n<p><\/p>","protected":false},"excerpt":{"rendered":"<p><span class=\"more-link\"><a href=\"https:\/\/www.raten.ro\/?page_id=1189\">Read More &rarr;<\/a><\/span><\/p>\n","protected":false},"author":1,"featured_media":0,"parent":0,"menu_order":0,"comment_status":"closed","ping_status":"closed","template":"","meta":{"footnotes":""},"class_list":["entry","author-wpadmin","post-1189","page","type-page","status-publish"],"_links":{"self":[{"href":"https:\/\/www.raten.ro\/index.php?rest_route=\/wp\/v2\/pages\/1189","targetHints":{"allow":["GET"]}}],"collection":[{"href":"https:\/\/www.raten.ro\/index.php?rest_route=\/wp\/v2\/pages"}],"about":[{"href":"https:\/\/www.raten.ro\/index.php?rest_route=\/wp\/v2\/types\/page"}],"author":[{"embeddable":true,"href":"https:\/\/www.raten.ro\/index.php?rest_route=\/wp\/v2\/users\/1"}],"replies":[{"embeddable":true,"href":"https:\/\/www.raten.ro\/index.php?rest_route=%2Fwp%2Fv2%2Fcomments&post=1189"}],"version-history":[{"count":0,"href":"https:\/\/www.raten.ro\/index.php?rest_route=\/wp\/v2\/pages\/1189\/revisions"}],"wp:attachment":[{"href":"https:\/\/www.raten.ro\/index.php?rest_route=%2Fwp%2Fv2%2Fmedia&parent=1189"}],"curies":[{"name":"wp","href":"https:\/\/api.w.org\/{rel}","templated":true}]}}